{"id":9694,"date":"2025-05-10T20:26:36","date_gmt":"2025-05-10T20:26:36","guid":{"rendered":"https:\/\/tiendabkool.com\/?post_type=product&#038;p=9694"},"modified":"2025-12-26T22:27:48","modified_gmt":"2025-12-26T22:27:48","slug":"southern-tide-bottoms-up-tee-venta-final-no-devolucion","status":"publish","type":"product","link":"https:\/\/tiendabkool.com\/?product=southern-tide-bottoms-up-tee-venta-final-no-devolucion","title":{"rendered":"Southern Tide Bottoms Up Tee &#8211; venta final no devolucion."},"content":{"rendered":"<p>Tienda BKOOL presenta Southern Tide Bottoms Up Tee, causa sensaci\u00f3n con el divertido gr\u00e1fico en la espalda de esta acogedora camiseta que esta confeccionada con una c\u00f3moda mezcla de algod\u00f3n\u00a0 esta camiseta de manga corta navega en la linea entre el espiritu juvenil y el estilo costero con gr\u00e1ficos ubicados en el lado izquierdo del pecho y en la espalda, esta hecha en 60% algod\u00f3n y 40% poli\u00e9ster.\u00a0<\/p>\n","protected":false},"excerpt":{"rendered":"<p>Tienda BKOOL presenta Southern Tide Bottoms Up Tee, causa sensaci\u00f3n con el divertido gr\u00e1fico en la espalda de esta acogedora camiseta que esta confeccionada con una c\u00f3moda mezcla de algod\u00f3n\u00a0 esta camiseta de manga corta navega en la linea entre el espiritu juvenil y el estilo costero con gr\u00e1ficos ubicados en el lado izquierdo del pecho y en la espalda, esta hecha en 60% algod\u00f3n y 40% poli\u00e9ster.\u00a0<\/p>\n","protected":false},"featured_media":12644,"comment_status":"open","ping_status":"closed","template":"","meta":[],"product_cat":[246,252,198],"product_tag":[],"class_list":{"0":"post-9694","1":"product","2":"type-product","3":"status-publish","4":"has-post-thumbnail","6":"product_cat-camisas-nino","7":"product_cat-camiseta-camisas-nino","8":"product_cat-nino","10":"first","11":"instock","12":"taxable","13":"shipping-taxable","14":"purchasable","15":"product-type-variable","16":"has-default-attributes"},"jetpack_sharing_enabled":true,"_links":{"self":[{"href":"https:\/\/tiendabkool.com\/index.php?rest_route=\/wp\/v2\/product\/9694","targetHints":{"allow":["GET"]}}],"collection":[{"href":"https:\/\/tiendabkool.com\/index.php?rest_route=\/wp\/v2\/product"}],"about":[{"href":"https:\/\/tiendabkool.com\/index.php?rest_route=\/wp\/v2\/types\/product"}],"replies":[{"embeddable":true,"href":"https:\/\/tiendabkool.com\/index.php?rest_route=%2Fwp%2Fv2%2Fcomments&post=9694"}],"wp:featuredmedia":[{"embeddable":true,"href":"https:\/\/tiendabkool.com\/index.php?rest_route=\/wp\/v2\/media\/12644"}],"wp:attachment":[{"href":"https:\/\/tiendabkool.com\/index.php?rest_route=%2Fwp%2Fv2%2Fmedia&parent=9694"}],"wp:term":[{"taxonomy":"product_cat","embeddable":true,"href":"https:\/\/tiendabkool.com\/index.php?rest_route=%2Fwp%2Fv2%2Fproduct_cat&post=9694"},{"taxonomy":"product_tag","embeddable":true,"href":"https:\/\/tiendabkool.com\/index.php?rest_route=%2Fwp%2Fv2%2Fproduct_tag&post=9694"}],"curies":[{"name":"wp","href":"https:\/\/api.w.org\/{rel}","templated":true}]}}