{"id":8541,"date":"2025-03-28T23:28:32","date_gmt":"2025-03-28T23:28:32","guid":{"rendered":"https:\/\/tiendabkool.com\/?post_type=product&#038;p=8541"},"modified":"2025-03-29T14:22:46","modified_gmt":"2025-03-29T14:22:46","slug":"vineyard-vines-flip-flop-foam-venta-final-no-devolucion","status":"publish","type":"product","link":"https:\/\/tiendabkool.com\/?product=vineyard-vines-flip-flop-foam-venta-final-no-devolucion","title":{"rendered":"Vineyard Vines Flip Flop Foam &#8211; venta final no devolucion."},"content":{"rendered":"<p>Tienda BKOOL presenta Vineyard Vines Flip Flops cl\u00e1sicas, c\u00f3modas y casuales, estas chanclas de espuma est\u00e1n listas para ser tu calzado favorito para el verano.<\/p>\n","protected":false},"excerpt":{"rendered":"<p>Tienda BKOOL presenta Vineyard Vines Flip Flops cl\u00e1sicas, c\u00f3modas y casuales, estas chanclas de espuma est\u00e1n listas para ser tu calzado favorito para el verano.<\/p>\n","protected":false},"featured_media":8544,"comment_status":"open","ping_status":"closed","template":"","meta":[],"product_cat":[249,260,198],"product_tag":[],"class_list":{"0":"post-8541","1":"product","2":"type-product","3":"status-publish","4":"has-post-thumbnail","6":"product_cat-calzados","7":"product_cat-chinelas-calzados","8":"product_cat-nino","10":"first","11":"instock","12":"taxable","13":"shipping-taxable","14":"purchasable","15":"product-type-variable","16":"has-default-attributes"},"jetpack_sharing_enabled":true,"_links":{"self":[{"href":"https:\/\/tiendabkool.com\/index.php?rest_route=\/wp\/v2\/product\/8541","targetHints":{"allow":["GET"]}}],"collection":[{"href":"https:\/\/tiendabkool.com\/index.php?rest_route=\/wp\/v2\/product"}],"about":[{"href":"https:\/\/tiendabkool.com\/index.php?rest_route=\/wp\/v2\/types\/product"}],"replies":[{"embeddable":true,"href":"https:\/\/tiendabkool.com\/index.php?rest_route=%2Fwp%2Fv2%2Fcomments&post=8541"}],"wp:featuredmedia":[{"embeddable":true,"href":"https:\/\/tiendabkool.com\/index.php?rest_route=\/wp\/v2\/media\/8544"}],"wp:attachment":[{"href":"https:\/\/tiendabkool.com\/index.php?rest_route=%2Fwp%2Fv2%2Fmedia&parent=8541"}],"wp:term":[{"taxonomy":"product_cat","embeddable":true,"href":"https:\/\/tiendabkool.com\/index.php?rest_route=%2Fwp%2Fv2%2Fproduct_cat&post=8541"},{"taxonomy":"product_tag","embeddable":true,"href":"https:\/\/tiendabkool.com\/index.php?rest_route=%2Fwp%2Fv2%2Fproduct_tag&post=8541"}],"curies":[{"name":"wp","href":"https:\/\/api.w.org\/{rel}","templated":true}]}}