{"id":6757,"date":"2025-02-20T21:01:26","date_gmt":"2025-02-20T21:01:26","guid":{"rendered":"https:\/\/tiendabkool.com\/?post_type=product&#038;p=6757"},"modified":"2025-11-02T15:22:01","modified_gmt":"2025-11-02T15:22:01","slug":"nautica-north-island-polo-venta-final-no-devolucion","status":"publish","type":"product","link":"https:\/\/tiendabkool.com\/?product=nautica-north-island-polo-venta-final-no-devolucion","title":{"rendered":"Nautica North Island Polo &#8211; ENVIO GRATIS CARGOTRANS."},"content":{"rendered":"<p>Tienda BKOOL presenta Nautica North Island Polo, con un\u00a0estilo cl\u00e1sico y suave en algod\u00f3n suave, este polo combina con shorts, jeans, chinos, cualquier cosa, con un dise\u00f1o de bloques de color para detalles elevados, esta hecha en 100% algod\u00f3n org\u00e1nico.\u00a0<br \/>Este articulo es venta final no aceptamos devolucion.<\/p>\n","protected":false},"excerpt":{"rendered":"<p>Tienda BKOOL presenta Nautica North Island Polo, con un\u00a0estilo cl\u00e1sico y suave en algod\u00f3n suave, este polo combina con shorts, jeans, chinos, cualquier cosa, con un dise\u00f1o de bloques de color para detalles elevados, esta hecha en 100% algod\u00f3n org\u00e1nico.\u00a0<br \/>Este articulo es venta final no aceptamos devolucion.<\/p>\n<p><\/p>\n","protected":false},"featured_media":10472,"comment_status":"open","ping_status":"closed","template":"","meta":[],"product_cat":[201,209,200],"product_tag":[],"class_list":{"0":"post-6757","1":"product","2":"type-product","3":"status-publish","4":"has-post-thumbnail","6":"product_cat-camisas_hombre","7":"product_cat-_hombre-camisas_hombre-hombre","8":"product_cat-hombre","10":"first","11":"instock","12":"taxable","13":"shipping-taxable","14":"purchasable","15":"product-type-variable","16":"has-default-attributes"},"jetpack_sharing_enabled":true,"_links":{"self":[{"href":"https:\/\/tiendabkool.com\/index.php?rest_route=\/wp\/v2\/product\/6757","targetHints":{"allow":["GET"]}}],"collection":[{"href":"https:\/\/tiendabkool.com\/index.php?rest_route=\/wp\/v2\/product"}],"about":[{"href":"https:\/\/tiendabkool.com\/index.php?rest_route=\/wp\/v2\/types\/product"}],"replies":[{"embeddable":true,"href":"https:\/\/tiendabkool.com\/index.php?rest_route=%2Fwp%2Fv2%2Fcomments&post=6757"}],"wp:featuredmedia":[{"embeddable":true,"href":"https:\/\/tiendabkool.com\/index.php?rest_route=\/wp\/v2\/media\/10472"}],"wp:attachment":[{"href":"https:\/\/tiendabkool.com\/index.php?rest_route=%2Fwp%2Fv2%2Fmedia&parent=6757"}],"wp:term":[{"taxonomy":"product_cat","embeddable":true,"href":"https:\/\/tiendabkool.com\/index.php?rest_route=%2Fwp%2Fv2%2Fproduct_cat&post=6757"},{"taxonomy":"product_tag","embeddable":true,"href":"https:\/\/tiendabkool.com\/index.php?rest_route=%2Fwp%2Fv2%2Fproduct_tag&post=6757"}],"curies":[{"name":"wp","href":"https:\/\/api.w.org\/{rel}","templated":true}]}}