{"id":5658,"date":"2025-02-03T23:35:56","date_gmt":"2025-02-03T23:35:56","guid":{"rendered":"https:\/\/tiendabkool.com\/?post_type=product&#038;p=5658"},"modified":"2025-11-02T16:19:46","modified_gmt":"2025-11-02T16:19:46","slug":"1642-16","status":"publish","type":"product","link":"https:\/\/tiendabkool.com\/?product=1642-16","title":{"rendered":"Southern Tide Skipjack &#8211; ENVIO GRATIS CARGOTRANS."},"content":{"rendered":"<p>Tienda BKOOL presenta Southern Tide Skipjack\u00a0el.dise\u00f1o de camiseta con gr\u00e1ficos m\u00e1s popular de la marca, la camiseta de manga larga Original Skipjack est\u00e1 confeccionada con punto de algod\u00f3n que proporciona comodidad y suavidad adicionales de ajuste cl\u00e1sico con gr\u00e1ficos ubicados en el lado izquierdo del pecho (sin bolsillo) y en la espalda, tela te\u00f1ida para realzar el color, ribete acanalado en cuello y pu\u00f1os, etiqueta impresa para mayor comodidad y pu\u00f1os optimizados para mantener la forma, esta\u00a0Jersey esta hecha en 100% algod\u00f3n org\u00e1nico.\u00a0<br \/>Este articulo es venta final no aceptamos devolucion.<\/p>\n","protected":false},"excerpt":{"rendered":"<p>Tienda BKOOL presenta Southern Tide Skipjack\u00a0el.dise\u00f1o de camiseta con gr\u00e1ficos m\u00e1s popular de la marca, la camiseta de manga larga Original Skipjack est\u00e1 confeccionada con punto de algod\u00f3n que proporciona comodidad y suavidad adicionales de ajuste cl\u00e1sico con gr\u00e1ficos ubicados en el lado izquierdo del pecho (sin bolsillo) y en la espalda, tela te\u00f1ida para realzar el color, ribete acanalado en cuello y pu\u00f1os, etiqueta impresa para mayor comodidad y pu\u00f1os optimizados para mantener la forma, esta\u00a0Jersey esta hecha en 100% algod\u00f3n org\u00e1nico.\u00a0<br \/>Este articulo es venta final no aceptamos devolucion.<\/p>\n<p><\/p>\n","protected":false},"featured_media":5756,"comment_status":"open","ping_status":"closed","template":"","meta":[],"product_cat":[201,209,200],"product_tag":[],"class_list":{"0":"post-5658","1":"product","2":"type-product","3":"status-publish","4":"has-post-thumbnail","6":"product_cat-camisas_hombre","7":"product_cat-_hombre-camisas_hombre-hombre","8":"product_cat-hombre","10":"first","11":"instock","12":"taxable","13":"shipping-taxable","14":"purchasable","15":"product-type-variable","16":"has-default-attributes"},"jetpack_sharing_enabled":true,"_links":{"self":[{"href":"https:\/\/tiendabkool.com\/index.php?rest_route=\/wp\/v2\/product\/5658","targetHints":{"allow":["GET"]}}],"collection":[{"href":"https:\/\/tiendabkool.com\/index.php?rest_route=\/wp\/v2\/product"}],"about":[{"href":"https:\/\/tiendabkool.com\/index.php?rest_route=\/wp\/v2\/types\/product"}],"replies":[{"embeddable":true,"href":"https:\/\/tiendabkool.com\/index.php?rest_route=%2Fwp%2Fv2%2Fcomments&post=5658"}],"wp:featuredmedia":[{"embeddable":true,"href":"https:\/\/tiendabkool.com\/index.php?rest_route=\/wp\/v2\/media\/5756"}],"wp:attachment":[{"href":"https:\/\/tiendabkool.com\/index.php?rest_route=%2Fwp%2Fv2%2Fmedia&parent=5658"}],"wp:term":[{"taxonomy":"product_cat","embeddable":true,"href":"https:\/\/tiendabkool.com\/index.php?rest_route=%2Fwp%2Fv2%2Fproduct_cat&post=5658"},{"taxonomy":"product_tag","embeddable":true,"href":"https:\/\/tiendabkool.com\/index.php?rest_route=%2Fwp%2Fv2%2Fproduct_tag&post=5658"}],"curies":[{"name":"wp","href":"https:\/\/api.w.org\/{rel}","templated":true}]}}