{"id":4566,"date":"2025-01-14T23:22:13","date_gmt":"2025-01-14T23:22:13","guid":{"rendered":"https:\/\/tiendabkool.com\/?post_type=product&#038;p=4566"},"modified":"2025-01-20T18:07:26","modified_gmt":"2025-01-20T18:07:26","slug":"southern-tide-palermo-plaid-long-sleeve-venta-final-no-devolucion","status":"publish","type":"product","link":"https:\/\/tiendabkool.com\/?product=southern-tide-palermo-plaid-long-sleeve-venta-final-no-devolucion","title":{"rendered":"Southern Tide Palermo Plaid Long Sleeve &#8211; venta final no devolucion."},"content":{"rendered":"<p>Tienda BKOOL presenta Southern Tide Palermo Plaid Long Sleeve, desde las reuniones de la junta directive hasta el paseo maritimo, esta vers\u00e1til camisa te acompa\u00f1ara f\u00e1cilmente del dia a la noche, la camisa Skipjack Palermo Plaid de manga larga esta confeccionada con algod\u00f3n s\u00faper suave para una sensaci\u00f3n de ligereza, t\u00fa eliges c\u00f3mo la estilizas para usarla durante todo el dia, por dentro o por fuera, de cuello abotonado, tapeta en la manga con pu\u00f1o ajustable de 2 botones IMOP\u00a0 de marca, contorno bordado Skipjack en el dobladillo del bolsillo, esta hecha en 96% algod\u00f3n y 4% elastano.\u00a0<\/p>\n","protected":false},"excerpt":{"rendered":"<p>Tienda BKOOL presenta Southern Tide Palermo Plaid Long Sleeve, desde las reuniones de la junta directive hasta el paseo maritimo, esta vers\u00e1til camisa te acompa\u00f1ara f\u00e1cilmente del dia a la noche, la camisa Skipjack Palermo Plaid de manga larga esta confeccionada con algod\u00f3n s\u00faper suave para una sensaci\u00f3n de ligereza, t\u00fa eliges c\u00f3mo la estilizas para usarla durante todo el dia, por dentro o por fuera, de cuello abotonado, tapeta en la manga con pu\u00f1o ajustable de 2 botones IMOP\u00a0 de marca, contorno bordado Skipjack en el dobladillo del bolsillo, esta hecha en 96% algod\u00f3n y 4% elastano.\u00a0<\/p>\n","protected":false},"featured_media":4671,"comment_status":"open","ping_status":"closed","template":"","meta":[],"product_cat":[201,200,207],"product_tag":[],"class_list":{"0":"post-4566","1":"product","2":"type-product","3":"status-publish","4":"has-post-thumbnail","6":"product_cat-camisas_hombre","7":"product_cat-hombre","8":"product_cat-_hombre","10":"first","11":"instock","12":"taxable","13":"shipping-taxable","14":"purchasable","15":"product-type-variable","16":"has-default-attributes"},"jetpack_sharing_enabled":true,"_links":{"self":[{"href":"https:\/\/tiendabkool.com\/index.php?rest_route=\/wp\/v2\/product\/4566","targetHints":{"allow":["GET"]}}],"collection":[{"href":"https:\/\/tiendabkool.com\/index.php?rest_route=\/wp\/v2\/product"}],"about":[{"href":"https:\/\/tiendabkool.com\/index.php?rest_route=\/wp\/v2\/types\/product"}],"replies":[{"embeddable":true,"href":"https:\/\/tiendabkool.com\/index.php?rest_route=%2Fwp%2Fv2%2Fcomments&post=4566"}],"wp:featuredmedia":[{"embeddable":true,"href":"https:\/\/tiendabkool.com\/index.php?rest_route=\/wp\/v2\/media\/4671"}],"wp:attachment":[{"href":"https:\/\/tiendabkool.com\/index.php?rest_route=%2Fwp%2Fv2%2Fmedia&parent=4566"}],"wp:term":[{"taxonomy":"product_cat","embeddable":true,"href":"https:\/\/tiendabkool.com\/index.php?rest_route=%2Fwp%2Fv2%2Fproduct_cat&post=4566"},{"taxonomy":"product_tag","embeddable":true,"href":"https:\/\/tiendabkool.com\/index.php?rest_route=%2Fwp%2Fv2%2Fproduct_tag&post=4566"}],"curies":[{"name":"wp","href":"https:\/\/api.w.org\/{rel}","templated":true}]}}