{"id":4128,"date":"2025-01-04T21:09:52","date_gmt":"2025-01-04T21:09:52","guid":{"rendered":"https:\/\/tiendabkool.com\/?post_type=product&#038;p=4128"},"modified":"2025-02-10T02:05:22","modified_gmt":"2025-02-10T02:05:22","slug":"michael-kors-blake-venta-final-no-devolucion","status":"publish","type":"product","link":"https:\/\/tiendabkool.com\/?product=michael-kors-blake-venta-final-no-devolucion","title":{"rendered":"Michael Kors Blake &#8211; venta final no devolucion."},"content":{"rendered":"<p>Tienda BKOOL presenta Michael Kors Blake, bisel\u00a0fijo engastado con cristales y esfera plateada con manecillas plateadas y marcadores de hora con n\u00fameros romanos, tpo de esfera anal\u00f3gica y movimiento de cuarzo y cristal mineral resistente a los ara\u00f1azos, cierre de tirar\/empujar la corona, fondo de caja s\u00f3lido con un tama\u00f1o 41,5mm y grosor de 9mm. de forma rredonda y ancho de banda 19mm de cierre plegable con doble bot\u00f3n de liberaci\u00f3n, resistente al agua a 50 metros\/165 pies, tiene funciones de hora, minuto, segundo.<br \/>Informaci\u00f3n adicional: Adecuado para usar cerca de fregaderos dom\u00e9sticos, practicar deportes y nadar en aguas poco profundas, pero no ba\u00f1arse, hacer snorkel o bucear. Estilo de reloj de moda. Reloj Michael Kors Blake con esfera plateada para mujer.<\/p>\n","protected":false},"excerpt":{"rendered":"<p>Tienda BKOOL presenta Michael Kors Blake, bisel\u00a0fijo engastado con cristales y esfera plateada con manecillas plateadas y marcadores de hora con n\u00fameros romanos, tpo de esfera anal\u00f3gica y movimiento de cuarzo y cristal mineral resistente a los ara\u00f1azos, cierre de tirar\/empujar la corona, fondo de caja s\u00f3lido con un tama\u00f1o 41,5mm y grosor de 9mm. de forma rredonda y ancho de banda 19mm de cierre plegable con doble bot\u00f3n de liberaci\u00f3n, resistente al agua a 50 metros\/165 pies, tiene funciones de hora, minuto, segundo.<br \/>Informaci\u00f3n adicional: Adecuado para usar cerca de fregaderos dom\u00e9sticos, practicar deportes y nadar en aguas poco profundas, pero no ba\u00f1arse, hacer snorkel o bucear. Estilo de reloj de moda. Reloj Michael Kors Blake con esfera plateada para mujer.<\/p>\n","protected":false},"featured_media":6203,"comment_status":"open","ping_status":"closed","template":"","meta":[],"product_cat":[227,197,239],"product_tag":[],"class_list":{"0":"post-4128","1":"product","2":"type-product","3":"status-publish","4":"has-post-thumbnail","6":"product_cat-accesorios","7":"product_cat-mujer-2","8":"product_cat-reloj","10":"first","11":"instock","12":"taxable","13":"shipping-taxable","14":"purchasable","15":"product-type-simple"},"jetpack_sharing_enabled":true,"_links":{"self":[{"href":"https:\/\/tiendabkool.com\/index.php?rest_route=\/wp\/v2\/product\/4128","targetHints":{"allow":["GET"]}}],"collection":[{"href":"https:\/\/tiendabkool.com\/index.php?rest_route=\/wp\/v2\/product"}],"about":[{"href":"https:\/\/tiendabkool.com\/index.php?rest_route=\/wp\/v2\/types\/product"}],"replies":[{"embeddable":true,"href":"https:\/\/tiendabkool.com\/index.php?rest_route=%2Fwp%2Fv2%2Fcomments&post=4128"}],"wp:featuredmedia":[{"embeddable":true,"href":"https:\/\/tiendabkool.com\/index.php?rest_route=\/wp\/v2\/media\/6203"}],"wp:attachment":[{"href":"https:\/\/tiendabkool.com\/index.php?rest_route=%2Fwp%2Fv2%2Fmedia&parent=4128"}],"wp:term":[{"taxonomy":"product_cat","embeddable":true,"href":"https:\/\/tiendabkool.com\/index.php?rest_route=%2Fwp%2Fv2%2Fproduct_cat&post=4128"},{"taxonomy":"product_tag","embeddable":true,"href":"https:\/\/tiendabkool.com\/index.php?rest_route=%2Fwp%2Fv2%2Fproduct_tag&post=4128"}],"curies":[{"name":"wp","href":"https:\/\/api.w.org\/{rel}","templated":true}]}}