{"id":4127,"date":"2025-01-04T21:03:13","date_gmt":"2025-01-04T21:03:13","guid":{"rendered":"https:\/\/tiendabkool.com\/?post_type=product&#038;p=4127"},"modified":"2025-02-10T01:42:58","modified_gmt":"2025-02-10T01:42:58","slug":"michael-kors-ritz-venta-final-no-devolucion","status":"publish","type":"product","link":"https:\/\/tiendabkool.com\/?product=michael-kors-ritz-venta-final-no-devolucion","title":{"rendered":"Michael Kors Ritz &#8211; venta final no devolucion."},"content":{"rendered":"<p>Tienda BKOOL presenta Michael Kors Rita Red,\u00a0de 37mm presenta una esfera roja con rayos de sol con \u00edndices de cristal y varillas en tono oro rosa, un anillo superior brillante, movimiento de cron\u00f3grafo y brazalete revestido de rojo de movimiento cron\u00f3grafo de cuarzo y plataforma Ritz, color de la correa rojo y resistencia al agua de la caja 5ATM\u00a0 caja y esfera en color rojo el ancho de la correa de 18mm y cierre implementador de pulsera, circunferencia interior de la correa 175 +\/- 5mm, tipo de cristal mineral para protejer de rayones.<\/p>\n","protected":false},"excerpt":{"rendered":"<p>Tienda BKOOL presenta Michael Kors Rita Red,\u00a0de 37mm presenta una esfera roja con rayos de sol con \u00edndices de cristal y varillas en tono oro rosa, un anillo superior brillante, movimiento de cron\u00f3grafo y brazalete revestido de rojo de movimiento cron\u00f3grafo de cuarzo y plataforma Ritz, color de la correa rojo y resistencia al agua de la caja 5ATM\u00a0 caja y esfera en color rojo el ancho de la correa de 18mm y cierre implementador de pulsera, circunferencia interior de la correa 175 +\/- 5mm, tipo de cristal mineral para protejer de rayones.<\/p>\n","protected":false},"featured_media":6200,"comment_status":"open","ping_status":"closed","template":"","meta":[],"product_cat":[227,197,239],"product_tag":[],"class_list":{"0":"post-4127","1":"product","2":"type-product","3":"status-publish","4":"has-post-thumbnail","6":"product_cat-accesorios","7":"product_cat-mujer-2","8":"product_cat-reloj","10":"first","11":"instock","12":"taxable","13":"shipping-taxable","14":"purchasable","15":"product-type-simple"},"jetpack_sharing_enabled":true,"_links":{"self":[{"href":"https:\/\/tiendabkool.com\/index.php?rest_route=\/wp\/v2\/product\/4127","targetHints":{"allow":["GET"]}}],"collection":[{"href":"https:\/\/tiendabkool.com\/index.php?rest_route=\/wp\/v2\/product"}],"about":[{"href":"https:\/\/tiendabkool.com\/index.php?rest_route=\/wp\/v2\/types\/product"}],"replies":[{"embeddable":true,"href":"https:\/\/tiendabkool.com\/index.php?rest_route=%2Fwp%2Fv2%2Fcomments&post=4127"}],"wp:featuredmedia":[{"embeddable":true,"href":"https:\/\/tiendabkool.com\/index.php?rest_route=\/wp\/v2\/media\/6200"}],"wp:attachment":[{"href":"https:\/\/tiendabkool.com\/index.php?rest_route=%2Fwp%2Fv2%2Fmedia&parent=4127"}],"wp:term":[{"taxonomy":"product_cat","embeddable":true,"href":"https:\/\/tiendabkool.com\/index.php?rest_route=%2Fwp%2Fv2%2Fproduct_cat&post=4127"},{"taxonomy":"product_tag","embeddable":true,"href":"https:\/\/tiendabkool.com\/index.php?rest_route=%2Fwp%2Fv2%2Fproduct_tag&post=4127"}],"curies":[{"name":"wp","href":"https:\/\/api.w.org\/{rel}","templated":true}]}}