{"id":4031,"date":"2025-01-03T22:08:17","date_gmt":"2025-01-03T22:08:17","guid":{"rendered":"https:\/\/tiendabkool.com\/?post_type=product&#038;p=4031"},"modified":"2025-02-11T22:38:59","modified_gmt":"2025-02-11T22:38:59","slug":"hugo-boss-adventure-venta-final-no-devolucion","status":"publish","type":"product","link":"https:\/\/tiendabkool.com\/?product=hugo-boss-adventure-venta-final-no-devolucion","title":{"rendered":"Hugo Boss Adventure &#8211; venta final no devolucion."},"content":{"rendered":"<p>Tienda BKOOL presenta Hugo Boss Adventure reloj dise\u00f1ado\u00a0pensando en el explorador de la Generaci\u00f3n Z, el adventure de Hugo Watches es un reloj moderno y masculino de tres manecillas, la caja grande con bisel plano cepillado y asas distintivas rodea una esfera circular cepillada con un anillo exterior con textura moleteada y el brazalete de eslabones a\u00f1ade un toque informal al sorprendente dise\u00f1o contempor\u00e1neo, su esfera Negra con \u00edndice, di\u00e1metro de la caja 42mm en material de la Oro fino chapado en ionic 1, fabricaci\u00f3n de cristal mineral con resistencia al agua 5ATM, movimiento de cuarzo Japones y pulsera fina de eslabones con ba\u00f1o i\u00f3nico1 en oro enchapado.<\/p>\n","protected":false},"excerpt":{"rendered":"<p>Tienda BKOOL presenta Hugo Boss Adventure reloj dise\u00f1ado\u00a0pensando en el explorador de la Generaci\u00f3n Z, el adventure de Hugo Watches es un reloj moderno y masculino de tres manecillas, la caja grande con bisel plano cepillado y asas distintivas rodea una esfera circular cepillada con un anillo exterior con textura moleteada y el brazalete de eslabones a\u00f1ade un toque informal al sorprendente dise\u00f1o contempor\u00e1neo, su esfera Negra con \u00edndice, di\u00e1metro de la caja 42mm en material de la Oro fino chapado en ionic 1, fabricaci\u00f3n de cristal mineral con resistencia al agua 5ATM, movimiento de cuarzo Japones y pulsera fina de eslabones con ba\u00f1o i\u00f3nico1 en oro enchapado.<\/p>\n","protected":false},"featured_media":4159,"comment_status":"open","ping_status":"closed","template":"","meta":[],"product_cat":[204,200,215],"product_tag":[],"class_list":{"0":"post-4031","1":"product","2":"type-product","3":"status-publish","4":"has-post-thumbnail","6":"product_cat-accesorios_hombre","7":"product_cat-hombre","8":"product_cat-_hombre-accesorios_hombre","10":"first","11":"outofstock","12":"taxable","13":"shipping-taxable","14":"purchasable","15":"product-type-simple"},"jetpack_sharing_enabled":true,"_links":{"self":[{"href":"https:\/\/tiendabkool.com\/index.php?rest_route=\/wp\/v2\/product\/4031","targetHints":{"allow":["GET"]}}],"collection":[{"href":"https:\/\/tiendabkool.com\/index.php?rest_route=\/wp\/v2\/product"}],"about":[{"href":"https:\/\/tiendabkool.com\/index.php?rest_route=\/wp\/v2\/types\/product"}],"replies":[{"embeddable":true,"href":"https:\/\/tiendabkool.com\/index.php?rest_route=%2Fwp%2Fv2%2Fcomments&post=4031"}],"wp:featuredmedia":[{"embeddable":true,"href":"https:\/\/tiendabkool.com\/index.php?rest_route=\/wp\/v2\/media\/4159"}],"wp:attachment":[{"href":"https:\/\/tiendabkool.com\/index.php?rest_route=%2Fwp%2Fv2%2Fmedia&parent=4031"}],"wp:term":[{"taxonomy":"product_cat","embeddable":true,"href":"https:\/\/tiendabkool.com\/index.php?rest_route=%2Fwp%2Fv2%2Fproduct_cat&post=4031"},{"taxonomy":"product_tag","embeddable":true,"href":"https:\/\/tiendabkool.com\/index.php?rest_route=%2Fwp%2Fv2%2Fproduct_tag&post=4031"}],"curies":[{"name":"wp","href":"https:\/\/api.w.org\/{rel}","templated":true}]}}