{"id":3918,"date":"2024-12-31T22:15:07","date_gmt":"2024-12-31T22:15:07","guid":{"rendered":"https:\/\/tiendabkool.com\/?post_type=product&#038;p=3918"},"modified":"2025-11-02T17:51:43","modified_gmt":"2025-11-02T17:51:43","slug":"oakley-flak-venta-final-no-devolucion","status":"publish","type":"product","link":"https:\/\/tiendabkool.com\/?product=oakley-flak-venta-final-no-devolucion","title":{"rendered":"Oakley Flak &#8211; ENVIO GRATIS CARGOTRANS."},"content":{"rendered":"<p>Tienda BKOOL presenta Oakley\u00a0Flak, este dise\u00f1o de lentes ofrece los beneficios de las gafas de alto rendimiento, brindando una innovaci\u00f3n incomparable para aquellos que desean ver la diferencia que hace la tecnolog\u00eda en una amplia gama de actividades, durabilidad y comodidad durante todo el d\u00eda gracias al material de montura O Matter, liviano y resistente al estr\u00e9s, las almohadillas nasales Unobtainium aumentan el agarre con transpiraci\u00f3n para un agarre antideslizante con ajuste de tres puntos: comodidad y rendimiento que mantiene las lentes en una alineaci\u00f3n \u00f3ptica precisa, detalles de \u00edconos met\u00e1licos\u00a0con lentes Prizm para mejorar el color, el contraste y los detalles para una experiencia optimizada y visi\u00f3n perif\u00e9rica optimizada y protecci\u00f3n lateral de la curvatura base de la lente de 8,75, reducci\u00f3n del deslumbramiento y transmisi\u00f3n de luz optimizada del revestimiento de lente Iridium,\u00a0precisi\u00f3n \u00f3ptica y rendimiento que cumple con los est\u00e1ndares ANSI Z87.1, m\u00e1xima claridad en todos los \u00e1ngulos de visi\u00f3n con XYZ Optics patentado, protecci\u00f3n UV del material de lente Plutonite que filtra el 100% de los rayos UVA\/UVB\/UVC y la da\u00f1ina luz azul hasta 400 nm.<br \/>Este articulo es venta final no aceptamos devolucion.<\/p>\n","protected":false},"excerpt":{"rendered":"<p>Tienda BKOOL presenta Oakley\u00a0Flak, este dise\u00f1o de lentes ofrece los beneficios de las gafas de alto rendimiento, brindando una innovaci\u00f3n incomparable para aquellos que desean ver la diferencia que hace la tecnolog\u00eda en una amplia gama de actividades, durabilidad y comodidad durante todo el d\u00eda gracias al material de montura O Matter, liviano y resistente al estr\u00e9s, las almohadillas nasales Unobtainium aumentan el agarre con transpiraci\u00f3n para un agarre antideslizante con ajuste de tres puntos: comodidad y rendimiento que mantiene las lentes en una alineaci\u00f3n \u00f3ptica precisa, detalles de \u00edconos met\u00e1licos\u00a0con lentes Prizm para mejorar el color, el contraste y los detalles para una experiencia optimizada y visi\u00f3n perif\u00e9rica optimizada y protecci\u00f3n lateral de la curvatura base de la lente de 8,75, reducci\u00f3n del deslumbramiento y transmisi\u00f3n de luz optimizada del revestimiento de lente Iridium,\u00a0precisi\u00f3n \u00f3ptica y rendimiento que cumple con los est\u00e1ndares ANSI Z87.1, m\u00e1xima claridad en todos los \u00e1ngulos de visi\u00f3n con XYZ Optics patentado, protecci\u00f3n UV del material de lente Plutonite que filtra el 100% de los rayos UVA\/UVB\/UVC y la da\u00f1ina luz azul hasta 400 nm.<br \/>Este articulo es venta final no aceptamos devolucion.<\/p>\n","protected":false},"featured_media":3937,"comment_status":"open","ping_status":"closed","template":"","meta":[],"product_cat":[323,204,216,200],"product_tag":[],"class_list":{"0":"post-3918","1":"product","2":"type-product","3":"status-publish","4":"has-post-thumbnail","6":"product_cat-gafas-accesorios_hombre","7":"product_cat-accesorios_hombre","8":"product_cat-_hombres","9":"product_cat-hombre","11":"first","12":"instock","13":"taxable","14":"shipping-taxable","15":"purchasable","16":"product-type-simple"},"jetpack_sharing_enabled":true,"_links":{"self":[{"href":"https:\/\/tiendabkool.com\/index.php?rest_route=\/wp\/v2\/product\/3918","targetHints":{"allow":["GET"]}}],"collection":[{"href":"https:\/\/tiendabkool.com\/index.php?rest_route=\/wp\/v2\/product"}],"about":[{"href":"https:\/\/tiendabkool.com\/index.php?rest_route=\/wp\/v2\/types\/product"}],"replies":[{"embeddable":true,"href":"https:\/\/tiendabkool.com\/index.php?rest_route=%2Fwp%2Fv2%2Fcomments&post=3918"}],"wp:featuredmedia":[{"embeddable":true,"href":"https:\/\/tiendabkool.com\/index.php?rest_route=\/wp\/v2\/media\/3937"}],"wp:attachment":[{"href":"https:\/\/tiendabkool.com\/index.php?rest_route=%2Fwp%2Fv2%2Fmedia&parent=3918"}],"wp:term":[{"taxonomy":"product_cat","embeddable":true,"href":"https:\/\/tiendabkool.com\/index.php?rest_route=%2Fwp%2Fv2%2Fproduct_cat&post=3918"},{"taxonomy":"product_tag","embeddable":true,"href":"https:\/\/tiendabkool.com\/index.php?rest_route=%2Fwp%2Fv2%2Fproduct_tag&post=3918"}],"curies":[{"name":"wp","href":"https:\/\/api.w.org\/{rel}","templated":true}]}}