{"id":3916,"date":"2024-12-31T21:45:50","date_gmt":"2024-12-31T21:45:50","guid":{"rendered":"https:\/\/tiendabkool.com\/?post_type=product&#038;p=3916"},"modified":"2024-12-31T23:31:49","modified_gmt":"2024-12-31T23:31:49","slug":"oakley-valve-venta-final-no-devolucion","status":"publish","type":"product","link":"https:\/\/tiendabkool.com\/?product=oakley-valve-venta-final-no-devolucion","title":{"rendered":"Oakley Valve &#8211; venta final no devolucion"},"content":{"rendered":"<p>Tienda BKOOL presenta Oakley Valve\u00a0 a la\u00a0vanguardia entre deporte y estilo de vida, Oakley es para vidas activas que exigen tanto rendimiento como estilo que marca el ritmo, el material de la montura O Matter resistente al estr\u00e9s lo hace liviano, mientras que los componentes Unobtainium aumentan el agarre con la transpiraci\u00f3n, si est\u00e1 buscando unas gafas de sol para ir a cualquier parte y hacer cualquier cosa que combinen la inteligencia urbana con una innovaci\u00f3n brillante, \u00e9sta es la soluci\u00f3n, las lentes Plutonite ofrecen protecci\u00f3n UV superior filtrando el 100% de todos los rayos UVA, UVB, UVC y la da\u00f1ina luz azul hasta 400 nm, la \u00f3ptica de alta definici\u00f3n patentada HDO proporciona una claridad \u00f3ptica superior y una visi\u00f3n n\u00edtida en todos los \u00e1ngulos, el ajuste de tres puntos mantiene las lentes en una alineaci\u00f3n \u00f3ptica precisa y al mismo tiempo elimina los puntos de presi\u00f3n comunes en las monturas que se enganchan en las orejas, el material del marco O-Matter resistente al estr\u00e9s es liviano y duradero para brindar comodidad y protecci\u00f3n durante todo el d\u00eda, las lentes Oakley est\u00e1n dise\u00f1adas y probadas en circunstancias de masa extremadamente alta y alta velocidad para garantizar una protecci\u00f3n sin concesiones en una amplia gama de condiciones exigentes.<\/p>\n<p><\/p>\n","protected":false},"excerpt":{"rendered":"<p>Tienda BKOOL presenta Oakley Valve\u00a0 a la\u00a0vanguardia entre deporte y estilo de vida, Oakley es para vidas activas que exigen tanto rendimiento como estilo que marca el ritmo, el material de la montura O Matter resistente al estr\u00e9s lo hace liviano, mientras que los componentes Unobtainium aumentan el agarre con la transpiraci\u00f3n, si est\u00e1 buscando unas gafas de sol para ir a cualquier parte y hacer cualquier cosa que combinen la inteligencia urbana con una innovaci\u00f3n brillante, \u00e9sta es la soluci\u00f3n, las lentes Plutonite ofrecen protecci\u00f3n UV superior filtrando el 100% de todos los rayos UVA, UVB, UVC y la da\u00f1ina luz azul hasta 400 nm, la \u00f3ptica de alta definici\u00f3n patentada HDO proporciona una claridad \u00f3ptica superior y una visi\u00f3n n\u00edtida en todos los \u00e1ngulos, el ajuste de tres puntos mantiene las lentes en una alineaci\u00f3n \u00f3ptica precisa y al mismo tiempo elimina los puntos de presi\u00f3n comunes en las monturas que se enganchan en las orejas, el material del marco O-Matter resistente al estr\u00e9s es liviano y duradero para brindar comodidad y protecci\u00f3n durante todo el d\u00eda, las lentes Oakley est\u00e1n dise\u00f1adas y probadas en circunstancias de masa extremadamente alta y alta velocidad para garantizar una protecci\u00f3n sin concesiones en una amplia gama de condiciones exigentes.<\/p>\n<p><\/p>\n","protected":false},"featured_media":3932,"comment_status":"open","ping_status":"closed","template":"","meta":[],"product_cat":[323,204,216,200],"product_tag":[],"class_list":{"0":"post-3916","1":"product","2":"type-product","3":"status-publish","4":"has-post-thumbnail","6":"product_cat-gafas-accesorios_hombre","7":"product_cat-accesorios_hombre","8":"product_cat-_hombres","9":"product_cat-hombre","11":"first","12":"instock","13":"taxable","14":"shipping-taxable","15":"purchasable","16":"product-type-simple"},"jetpack_sharing_enabled":true,"_links":{"self":[{"href":"https:\/\/tiendabkool.com\/index.php?rest_route=\/wp\/v2\/product\/3916","targetHints":{"allow":["GET"]}}],"collection":[{"href":"https:\/\/tiendabkool.com\/index.php?rest_route=\/wp\/v2\/product"}],"about":[{"href":"https:\/\/tiendabkool.com\/index.php?rest_route=\/wp\/v2\/types\/product"}],"replies":[{"embeddable":true,"href":"https:\/\/tiendabkool.com\/index.php?rest_route=%2Fwp%2Fv2%2Fcomments&post=3916"}],"wp:featuredmedia":[{"embeddable":true,"href":"https:\/\/tiendabkool.com\/index.php?rest_route=\/wp\/v2\/media\/3932"}],"wp:attachment":[{"href":"https:\/\/tiendabkool.com\/index.php?rest_route=%2Fwp%2Fv2%2Fmedia&parent=3916"}],"wp:term":[{"taxonomy":"product_cat","embeddable":true,"href":"https:\/\/tiendabkool.com\/index.php?rest_route=%2Fwp%2Fv2%2Fproduct_cat&post=3916"},{"taxonomy":"product_tag","embeddable":true,"href":"https:\/\/tiendabkool.com\/index.php?rest_route=%2Fwp%2Fv2%2Fproduct_tag&post=3916"}],"curies":[{"name":"wp","href":"https:\/\/api.w.org\/{rel}","templated":true}]}}