{"id":3895,"date":"2024-12-30T23:24:17","date_gmt":"2024-12-30T23:24:17","guid":{"rendered":"https:\/\/tiendabkool.com\/?post_type=product&#038;p=3895"},"modified":"2024-12-31T03:09:38","modified_gmt":"2024-12-31T03:09:38","slug":"columbia-tandem-unisex-venta-final-no-devolucion","status":"publish","type":"product","link":"https:\/\/tiendabkool.com\/?product=columbia-tandem-unisex-venta-final-no-devolucion","title":{"rendered":"Columbia Tandem Unisex &#8211; venta final no devolucion"},"content":{"rendered":"<p>Tienda BKOOL presenta Columbia Unisex Tandem, esta\u00a0mochila unisex lista para la hidrataci\u00f3n es s\u00faper liviana y est\u00e1 preparada para la aventura, te sentir\u00e1s c\u00f3modo todo el d\u00eda gracias al panel trasero acolchado y la correa ajustable para el pecho y las correas transpirables para los hombros, cuenta con dos bolsillos para botellas de agua, accesorios para bastones de trekking y una correa para el estern\u00f3n para mantenerlo seguro en su lugar, correas Twin Slot vers\u00e1tiles y personalizables de construcci\u00f3n ultraligera, su cierre superior enrollable, dos bolsillos para botellas de agua y bolsillos laterales de tejido el\u00e1stico para botellas de agua, acentos de seguridad reflectantes, panel trasero acolchado para mejor comfort.\u00a0<\/p>\n","protected":false},"excerpt":{"rendered":"<p>Tienda BKOOL presenta Columbia Unisex Tandem, esta\u00a0mochila unisex lista para la hidrataci\u00f3n es s\u00faper liviana y est\u00e1 preparada para la aventura, te sentir\u00e1s c\u00f3modo todo el d\u00eda gracias al panel trasero acolchado y la correa ajustable para el pecho y las correas transpirables para los hombros, cuenta con dos bolsillos para botellas de agua, accesorios para bastones de trekking y una correa para el estern\u00f3n para mantenerlo seguro en su lugar, correas Twin Slot vers\u00e1tiles y personalizables de construcci\u00f3n ultraligera, su cierre superior enrollable, dos bolsillos para botellas de agua y bolsillos laterales de tejido el\u00e1stico para botellas de agua, acentos de seguridad reflectantes, panel trasero acolchado para mejor comfort.\u00a0<\/p>\n","protected":false},"featured_media":3913,"comment_status":"open","ping_status":"closed","template":"","meta":[],"product_cat":[200,205],"product_tag":[],"class_list":{"0":"post-3895","1":"product","2":"type-product","3":"status-publish","4":"has-post-thumbnail","6":"product_cat-hombre","7":"product_cat-mochila_hombre","9":"first","10":"instock","11":"taxable","12":"shipping-taxable","13":"purchasable","14":"product-type-simple"},"jetpack_sharing_enabled":true,"_links":{"self":[{"href":"https:\/\/tiendabkool.com\/index.php?rest_route=\/wp\/v2\/product\/3895","targetHints":{"allow":["GET"]}}],"collection":[{"href":"https:\/\/tiendabkool.com\/index.php?rest_route=\/wp\/v2\/product"}],"about":[{"href":"https:\/\/tiendabkool.com\/index.php?rest_route=\/wp\/v2\/types\/product"}],"replies":[{"embeddable":true,"href":"https:\/\/tiendabkool.com\/index.php?rest_route=%2Fwp%2Fv2%2Fcomments&post=3895"}],"wp:featuredmedia":[{"embeddable":true,"href":"https:\/\/tiendabkool.com\/index.php?rest_route=\/wp\/v2\/media\/3913"}],"wp:attachment":[{"href":"https:\/\/tiendabkool.com\/index.php?rest_route=%2Fwp%2Fv2%2Fmedia&parent=3895"}],"wp:term":[{"taxonomy":"product_cat","embeddable":true,"href":"https:\/\/tiendabkool.com\/index.php?rest_route=%2Fwp%2Fv2%2Fproduct_cat&post=3895"},{"taxonomy":"product_tag","embeddable":true,"href":"https:\/\/tiendabkool.com\/index.php?rest_route=%2Fwp%2Fv2%2Fproduct_tag&post=3895"}],"curies":[{"name":"wp","href":"https:\/\/api.w.org\/{rel}","templated":true}]}}