{"id":3839,"date":"2024-12-28T23:42:36","date_gmt":"2024-12-28T23:42:36","guid":{"rendered":"https:\/\/tiendabkool.com\/?post_type=product&#038;p=3839"},"modified":"2025-01-30T00:01:44","modified_gmt":"2025-01-30T00:01:44","slug":"dakine-canyon-venta-final-no-devolucion","status":"publish","type":"product","link":"https:\/\/tiendabkool.com\/?product=dakine-canyon-venta-final-no-devolucion","title":{"rendered":"Dakine Canyon &#8211; venta final no devolucion"},"content":{"rendered":"<p>Tienda BKOOL presenta Dakine Canyon Pine Tree Mochila, un compa\u00f1ero universal para la escuela y los viajes.<br \/>\u00bfVas a tener un d\u00eda duro en la escuela o vas a hacer una caminata por la monta\u00f1a? \u00a1La mochila Canyon te apoyar\u00e1 en cualquier situaci\u00f3n! El espacioso compartimento principal tiene un bolsillo para una computadora port\u00e1til o un dep\u00f3sito de agua, y el exterior de la mochila est\u00e1 equipado con muchos dispositivos que apreciar\u00e1 especialmente cuando est\u00e9 en la naturaleza, una ventaja importante es el sofisticado sistema de espalda que te mantiene seco,\u00a0el compartimento principal se puede cerrar con una cremallera bidireccional,\u00a0amplia entrada a la c\u00e1mara principal y\u00a0en la parte delantera de la mochila, un bolsillo de compresi\u00f3n adecuado para guardar una chaqueta o un casco, ademas un compartimento interno apto para guardar un ordenador port\u00e1til (hasta 17&#8243;) o una bolsa de agua tambien compartimento polar para gafas de sol,\u00a0dos amplios bolsillos laterales, bolsillo frontal con cremallera,\u00a0bolsillo interior con llavero,\u00a0bucle para sujetar bastones de trekking,\u00a0correa intermitente lo mejor trae\u00a0correa de pecho ajustable con silbato y\u00a0sistema de espalda transpirable con\u00a0correas de hombro ergon\u00f3micas y\u00a0cintur\u00f3n extra\u00edble de 38 mm.<\/p>\n","protected":false},"excerpt":{"rendered":"<p>Tienda BKOOL presenta Dakine Canyon Pine Tree Mochila, un compa\u00f1ero universal para la escuela y los viajes.<br \/>\u00bfVas a tener un d\u00eda duro en la escuela o vas a hacer una caminata por la monta\u00f1a? \u00a1La mochila Canyon te apoyar\u00e1 en cualquier situaci\u00f3n! El espacioso compartimento principal tiene un bolsillo para una computadora port\u00e1til o un dep\u00f3sito de agua, y el exterior de la mochila est\u00e1 equipado con muchos dispositivos que apreciar\u00e1 especialmente cuando est\u00e9 en la naturaleza, una ventaja importante es el sofisticado sistema de espalda que te mantiene seco,\u00a0el compartimento principal se puede cerrar con una cremallera bidireccional,\u00a0amplia entrada a la c\u00e1mara principal y\u00a0en la parte delantera de la mochila, un bolsillo de compresi\u00f3n adecuado para guardar una chaqueta o un casco, ademas un compartimento interno apto para guardar un ordenador port\u00e1til (hasta 17&#8243;) o una bolsa de agua tambien compartimento polar para gafas de sol,\u00a0dos amplios bolsillos laterales, bolsillo frontal con cremallera,\u00a0bolsillo interior con llavero,\u00a0bucle para sujetar bastones de trekking,\u00a0correa intermitente lo mejor trae\u00a0correa de pecho ajustable con silbato y\u00a0sistema de espalda transpirable con\u00a0correas de hombro ergon\u00f3micas y\u00a0cintur\u00f3n extra\u00edble de 38 mm.<\/p>\n","protected":false},"featured_media":3877,"comment_status":"open","ping_status":"closed","template":"","meta":[],"product_cat":[200,205],"product_tag":[],"class_list":{"0":"post-3839","1":"product","2":"type-product","3":"status-publish","4":"has-post-thumbnail","6":"product_cat-hombre","7":"product_cat-mochila_hombre","9":"first","10":"instock","11":"taxable","12":"shipping-taxable","13":"purchasable","14":"product-type-simple"},"jetpack_sharing_enabled":true,"_links":{"self":[{"href":"https:\/\/tiendabkool.com\/index.php?rest_route=\/wp\/v2\/product\/3839","targetHints":{"allow":["GET"]}}],"collection":[{"href":"https:\/\/tiendabkool.com\/index.php?rest_route=\/wp\/v2\/product"}],"about":[{"href":"https:\/\/tiendabkool.com\/index.php?rest_route=\/wp\/v2\/types\/product"}],"replies":[{"embeddable":true,"href":"https:\/\/tiendabkool.com\/index.php?rest_route=%2Fwp%2Fv2%2Fcomments&post=3839"}],"wp:featuredmedia":[{"embeddable":true,"href":"https:\/\/tiendabkool.com\/index.php?rest_route=\/wp\/v2\/media\/3877"}],"wp:attachment":[{"href":"https:\/\/tiendabkool.com\/index.php?rest_route=%2Fwp%2Fv2%2Fmedia&parent=3839"}],"wp:term":[{"taxonomy":"product_cat","embeddable":true,"href":"https:\/\/tiendabkool.com\/index.php?rest_route=%2Fwp%2Fv2%2Fproduct_cat&post=3839"},{"taxonomy":"product_tag","embeddable":true,"href":"https:\/\/tiendabkool.com\/index.php?rest_route=%2Fwp%2Fv2%2Fproduct_tag&post=3839"}],"curies":[{"name":"wp","href":"https:\/\/api.w.org\/{rel}","templated":true}]}}