{"id":3792,"date":"2024-12-26T22:56:24","date_gmt":"2024-12-26T22:56:24","guid":{"rendered":"https:\/\/tiendabkool.com\/?post_type=product&#038;p=3792"},"modified":"2025-02-12T21:12:42","modified_gmt":"2025-02-12T21:12:42","slug":"tommy-hilfiger-vestido-venta-final-no-devolucion","status":"publish","type":"product","link":"https:\/\/tiendabkool.com\/?product=tommy-hilfiger-vestido-venta-final-no-devolucion","title":{"rendered":"Tommy Hilfiger Vestido &#8211; venta final no devolucion"},"content":{"rendered":"<p>Tienda BKOOL presenta Tommy Hilfiger Dress en color suave rosado, confeccionado con suave popel\u00edn de algod\u00f3n con cintur\u00f3n desmontable y cierre de bot\u00f3n, este vestido camisero es vers\u00e1til, ligero y c\u00f3modo esta hecho en 100% algod\u00f3n org\u00e1nico.\u00a0<\/p>\n","protected":false},"excerpt":{"rendered":"<p>Tienda BKOOL presenta Tommy Hilfiger Dress en color suave rosado, confeccionado con suave popel\u00edn de algod\u00f3n con cintur\u00f3n desmontable y cierre de bot\u00f3n, este vestido camisero es vers\u00e1til, ligero y c\u00f3modo esta hecho en 100% algod\u00f3n org\u00e1nico.\u00a0<\/p>\n","protected":false},"featured_media":3882,"comment_status":"open","ping_status":"closed","template":"","meta":[],"product_cat":[197,301,300],"product_tag":[],"class_list":{"0":"post-3792","1":"product","2":"type-product","3":"status-publish","4":"has-post-thumbnail","6":"product_cat-mujer-2","7":"product_cat-vestido","8":"product_cat-vestidos","10":"first","11":"outofstock","12":"taxable","13":"shipping-taxable","14":"purchasable","15":"product-type-variable","16":"has-default-attributes"},"jetpack_sharing_enabled":true,"_links":{"self":[{"href":"https:\/\/tiendabkool.com\/index.php?rest_route=\/wp\/v2\/product\/3792","targetHints":{"allow":["GET"]}}],"collection":[{"href":"https:\/\/tiendabkool.com\/index.php?rest_route=\/wp\/v2\/product"}],"about":[{"href":"https:\/\/tiendabkool.com\/index.php?rest_route=\/wp\/v2\/types\/product"}],"replies":[{"embeddable":true,"href":"https:\/\/tiendabkool.com\/index.php?rest_route=%2Fwp%2Fv2%2Fcomments&post=3792"}],"wp:featuredmedia":[{"embeddable":true,"href":"https:\/\/tiendabkool.com\/index.php?rest_route=\/wp\/v2\/media\/3882"}],"wp:attachment":[{"href":"https:\/\/tiendabkool.com\/index.php?rest_route=%2Fwp%2Fv2%2Fmedia&parent=3792"}],"wp:term":[{"taxonomy":"product_cat","embeddable":true,"href":"https:\/\/tiendabkool.com\/index.php?rest_route=%2Fwp%2Fv2%2Fproduct_cat&post=3792"},{"taxonomy":"product_tag","embeddable":true,"href":"https:\/\/tiendabkool.com\/index.php?rest_route=%2Fwp%2Fv2%2Fproduct_tag&post=3792"}],"curies":[{"name":"wp","href":"https:\/\/api.w.org\/{rel}","templated":true}]}}