{"id":3781,"date":"2024-12-26T21:59:56","date_gmt":"2024-12-26T21:59:56","guid":{"rendered":"https:\/\/tiendabkool.com\/?post_type=product&#038;p=3781"},"modified":"2025-02-01T19:08:23","modified_gmt":"2025-02-01T19:08:23","slug":"cubavera-pink-dogwood-venta-final-no-devolucion","status":"publish","type":"product","link":"https:\/\/tiendabkool.com\/?product=cubavera-pink-dogwood-venta-final-no-devolucion","title":{"rendered":"Cubavera Pink Dogwood &#8211; venta final no devolucion."},"content":{"rendered":"<p>Tienda BKOOL presenta Guayabera Pink Dogwood, sube\u00a0el calor con esta cl\u00e1sica guayabera, el material 100% lino es transpirable y liviano con un dise\u00f1o relajado por fuera. Un cuello camp relajado, detalles de pliegues y cuatro bolsillos con botones completan tu look. Comb\u00ednalo con shorts Cubavera o pantalones de lino para un outfit fresco y c\u00f3modo,\u00a0esta guayabera de lino de manga corta se puede lavar y secar a m\u00e1quina, sin necesidad de secar al aire libre o en plano, si bien puede requerir un planchado ligero para lograr una apariencia n\u00edtida, no es necesaria la limpieza en seco, de lino transpirable y liviano compuesto de una tela 100% de lino que permite que el aire pase f\u00e1cilmente a trav\u00e9s de ella, lo que garantiza una sensaci\u00f3n de ligereza durante todo el d\u00eda, esta guayabera es ideal para cualquier evento en el que desee mantenerse c\u00f3modo y elegante con detalles de pliegues esta guayabera presenta detalles de pliegues que agregan detalles estriados vers\u00e1tiles y crean textura en la tela. Adopte la elegancia atemporal de una guayabera de lino con esta elegante y c\u00f3moda pieza el cuello camp de esta guayabera es m\u00e1s ancho y crea un cuello en V de corte m\u00e1s bajo que el de una camisa tradicional con cuello en punta, esto garantiza un estilo m\u00e1s relajado y c\u00f3modo que tiene un estilo retro y es perfecto para climas c\u00e1lidos.<\/p>\n","protected":false},"excerpt":{"rendered":"<p>Tienda BKOOL presenta Guayabera Pink Dogwood, sube\u00a0el calor con esta cl\u00e1sica guayabera, el material 100% lino es transpirable y liviano con un dise\u00f1o relajado por fuera. Un cuello camp relajado, detalles de pliegues y cuatro bolsillos con botones completan tu look. Comb\u00ednalo con shorts Cubavera o pantalones de lino para un outfit fresco y c\u00f3modo,\u00a0esta guayabera de lino de manga corta se puede lavar y secar a m\u00e1quina, sin necesidad de secar al aire libre o en plano, si bien puede requerir un planchado ligero para lograr una apariencia n\u00edtida, no es necesaria la limpieza en seco, de lino transpirable y liviano compuesto de una tela 100% de lino que permite que el aire pase f\u00e1cilmente a trav\u00e9s de ella, lo que garantiza una sensaci\u00f3n de ligereza durante todo el d\u00eda, esta guayabera es ideal para cualquier evento en el que desee mantenerse c\u00f3modo y elegante con detalles de pliegues esta guayabera presenta detalles de pliegues que agregan detalles estriados vers\u00e1tiles y crean textura en la tela. Adopte la elegancia atemporal de una guayabera de lino con esta elegante y c\u00f3moda pieza el cuello camp de esta guayabera es m\u00e1s ancho y crea un cuello en V de corte m\u00e1s bajo que el de una camisa tradicional con cuello en punta, esto garantiza un estilo m\u00e1s relajado y c\u00f3modo que tiene un estilo retro y es perfecto para climas c\u00e1lidos.<\/p>\n","protected":false},"featured_media":5450,"comment_status":"open","ping_status":"closed","template":"","meta":[],"product_cat":[201,200,208],"product_tag":[],"class_list":{"0":"post-3781","1":"product","2":"type-product","3":"status-publish","4":"has-post-thumbnail","6":"product_cat-camisas_hombre","7":"product_cat-hombre","8":"product_cat-_hombre-camisas_hombre","10":"first","11":"instock","12":"taxable","13":"shipping-taxable","14":"purchasable","15":"product-type-variable","16":"has-default-attributes"},"jetpack_sharing_enabled":true,"_links":{"self":[{"href":"https:\/\/tiendabkool.com\/index.php?rest_route=\/wp\/v2\/product\/3781","targetHints":{"allow":["GET"]}}],"collection":[{"href":"https:\/\/tiendabkool.com\/index.php?rest_route=\/wp\/v2\/product"}],"about":[{"href":"https:\/\/tiendabkool.com\/index.php?rest_route=\/wp\/v2\/types\/product"}],"replies":[{"embeddable":true,"href":"https:\/\/tiendabkool.com\/index.php?rest_route=%2Fwp%2Fv2%2Fcomments&post=3781"}],"wp:featuredmedia":[{"embeddable":true,"href":"https:\/\/tiendabkool.com\/index.php?rest_route=\/wp\/v2\/media\/5450"}],"wp:attachment":[{"href":"https:\/\/tiendabkool.com\/index.php?rest_route=%2Fwp%2Fv2%2Fmedia&parent=3781"}],"wp:term":[{"taxonomy":"product_cat","embeddable":true,"href":"https:\/\/tiendabkool.com\/index.php?rest_route=%2Fwp%2Fv2%2Fproduct_cat&post=3781"},{"taxonomy":"product_tag","embeddable":true,"href":"https:\/\/tiendabkool.com\/index.php?rest_route=%2Fwp%2Fv2%2Fproduct_tag&post=3781"}],"curies":[{"name":"wp","href":"https:\/\/api.w.org\/{rel}","templated":true}]}}