{"id":3779,"date":"2024-12-22T21:00:03","date_gmt":"2024-12-22T21:00:03","guid":{"rendered":"https:\/\/tiendabkool.com\/?post_type=product&#038;p=3779"},"modified":"2026-04-11T22:28:25","modified_gmt":"2026-04-11T22:28:25","slug":"cubavera-clasico-venta-final-no-devolucion","status":"publish","type":"product","link":"https:\/\/tiendabkool.com\/?product=cubavera-clasico-venta-final-no-devolucion","title":{"rendered":"Cubavera Clasico &#8211; venta final no devolucion."},"content":{"rendered":"<p>Tienda BKOOL presenta Cubavera Linen Cotton Flat Front, pantalones dise\u00f1ados en el para\u00edso para brindarte d\u00edas c\u00f3modos y elegantes, estos pantalones Cubavera Herringbone son tus nuevos pantalones de vestir, ya sea que elija usarlos para los viernes informales en la oficina o para una salida nocturna en la ciudad, estos pantalones de mezcla de algod\u00f3n y lino presentan un estilo frontal plano que crea una silueta moderna y elegante. Ll\u00e9valos con un top Cubavera para completar el look, de ajuste cl\u00e1sico y gabricaci\u00f3n de espina de pescado, estilo frontal plano, estan hechos en 70% algod\u00f3n y 30% lino.<\/p>\n","protected":false},"excerpt":{"rendered":"<p>Tienda BKOOL presenta Cubavera Linen Cotton Flat Front, pantalones dise\u00f1ados en el para\u00edso para brindarte d\u00edas c\u00f3modos y elegantes, estos pantalones Cubavera Herringbone son tus nuevos pantalones de vestir, ya sea que elija usarlos para los viernes informales en la oficina o para una salida nocturna en la ciudad, estos pantalones de mezcla de algod\u00f3n y lino presentan un estilo frontal plano que crea una silueta moderna y elegante. Ll\u00e9valos con un top Cubavera para completar el look, de ajuste cl\u00e1sico y gabricaci\u00f3n de espina de pescado, estilo frontal plano, estan hechos en 70% algod\u00f3n y 30% lino.<\/p>\n","protected":false},"featured_media":4720,"comment_status":"open","ping_status":"closed","template":"","meta":[],"product_cat":[200,202,212],"product_tag":[],"class_list":{"0":"post-3779","1":"product","2":"type-product","3":"status-publish","4":"has-post-thumbnail","6":"product_cat-hombre","7":"product_cat-pantalones_hombre","8":"product_cat-_hombre-pantalones_hombre-hombre","10":"first","11":"instock","12":"taxable","13":"shipping-taxable","14":"purchasable","15":"product-type-variable","16":"has-default-attributes"},"jetpack_sharing_enabled":true,"_links":{"self":[{"href":"https:\/\/tiendabkool.com\/index.php?rest_route=\/wp\/v2\/product\/3779","targetHints":{"allow":["GET"]}}],"collection":[{"href":"https:\/\/tiendabkool.com\/index.php?rest_route=\/wp\/v2\/product"}],"about":[{"href":"https:\/\/tiendabkool.com\/index.php?rest_route=\/wp\/v2\/types\/product"}],"replies":[{"embeddable":true,"href":"https:\/\/tiendabkool.com\/index.php?rest_route=%2Fwp%2Fv2%2Fcomments&post=3779"}],"wp:featuredmedia":[{"embeddable":true,"href":"https:\/\/tiendabkool.com\/index.php?rest_route=\/wp\/v2\/media\/4720"}],"wp:attachment":[{"href":"https:\/\/tiendabkool.com\/index.php?rest_route=%2Fwp%2Fv2%2Fmedia&parent=3779"}],"wp:term":[{"taxonomy":"product_cat","embeddable":true,"href":"https:\/\/tiendabkool.com\/index.php?rest_route=%2Fwp%2Fv2%2Fproduct_cat&post=3779"},{"taxonomy":"product_tag","embeddable":true,"href":"https:\/\/tiendabkool.com\/index.php?rest_route=%2Fwp%2Fv2%2Fproduct_tag&post=3779"}],"curies":[{"name":"wp","href":"https:\/\/api.w.org\/{rel}","templated":true}]}}