{"id":3761,"date":"2024-12-22T19:46:41","date_gmt":"2024-12-22T19:46:41","guid":{"rendered":"https:\/\/tiendabkool.com\/?post_type=product&#038;p=3761"},"modified":"2025-12-15T22:50:51","modified_gmt":"2025-12-15T22:50:51","slug":"vineyard-vines-classic-oxford-venta-final-no-devolucion","status":"publish","type":"product","link":"https:\/\/tiendabkool.com\/?product=vineyard-vines-classic-oxford-venta-final-no-devolucion","title":{"rendered":"Vineyard Vines Classic Oxford &#8211; venta final no devolucion."},"content":{"rendered":"<p>Tienda BKOOL presenta Vineyard Vines Oxford con una reinvenci\u00f3n moderna de un estilo atemporal, nuestras camisas Oxford de algod\u00f3n suave y el\u00e1stico est\u00e1n listas para causar una impresi\u00f3n duradera, obtienen altas calificaciones por su comodidad, car\u00e1cter y versatilidad que combina con todo, ll\u00e9valo con pantalones, pantalones cortos o incluso un par de ba\u00f1adores Chappy para un verdadero look Good Life en mangas recortadas para una apariencia m\u00e1s limpia, se puede usar por dentro o por fuera es m\u00e1s delgado en el pecho su\u00a0tela de algod\u00f3n suave solo mejora con el tiempo con mayor elasticidad para mayor comodidad de pu\u00f1os abotonados y logotipo de ballena bordado en el bolsillo del pecho, esta hecha en 98% algod\u00f3n y 2% elastano.\u00a0<\/p>\n","protected":false},"excerpt":{"rendered":"<p>Tienda BKOOL presenta Vineyard Vines Oxford con una reinvenci\u00f3n moderna de un estilo atemporal, nuestras camisas Oxford de algod\u00f3n suave y el\u00e1stico est\u00e1n listas para causar una impresi\u00f3n duradera, obtienen altas calificaciones por su comodidad, car\u00e1cter y versatilidad que combina con todo, ll\u00e9valo con pantalones, pantalones cortos o incluso un par de ba\u00f1adores Chappy para un verdadero look Good Life en mangas recortadas para una apariencia m\u00e1s limpia, se puede usar por dentro o por fuera es m\u00e1s delgado en el pecho su\u00a0tela de algod\u00f3n suave solo mejora con el tiempo con mayor elasticidad para mayor comodidad de pu\u00f1os abotonados y logotipo de ballena bordado en el bolsillo del pecho, esta hecha en 98% algod\u00f3n y 2% elastano.\u00a0<\/p>\n","protected":false},"featured_media":3776,"comment_status":"open","ping_status":"closed","template":"","meta":[],"product_cat":[201,200,207],"product_tag":[],"class_list":{"0":"post-3761","1":"product","2":"type-product","3":"status-publish","4":"has-post-thumbnail","6":"product_cat-camisas_hombre","7":"product_cat-hombre","8":"product_cat-_hombre","10":"first","11":"instock","12":"taxable","13":"shipping-taxable","14":"purchasable","15":"product-type-variable","16":"has-default-attributes"},"jetpack_sharing_enabled":true,"_links":{"self":[{"href":"https:\/\/tiendabkool.com\/index.php?rest_route=\/wp\/v2\/product\/3761","targetHints":{"allow":["GET"]}}],"collection":[{"href":"https:\/\/tiendabkool.com\/index.php?rest_route=\/wp\/v2\/product"}],"about":[{"href":"https:\/\/tiendabkool.com\/index.php?rest_route=\/wp\/v2\/types\/product"}],"replies":[{"embeddable":true,"href":"https:\/\/tiendabkool.com\/index.php?rest_route=%2Fwp%2Fv2%2Fcomments&post=3761"}],"wp:featuredmedia":[{"embeddable":true,"href":"https:\/\/tiendabkool.com\/index.php?rest_route=\/wp\/v2\/media\/3776"}],"wp:attachment":[{"href":"https:\/\/tiendabkool.com\/index.php?rest_route=%2Fwp%2Fv2%2Fmedia&parent=3761"}],"wp:term":[{"taxonomy":"product_cat","embeddable":true,"href":"https:\/\/tiendabkool.com\/index.php?rest_route=%2Fwp%2Fv2%2Fproduct_cat&post=3761"},{"taxonomy":"product_tag","embeddable":true,"href":"https:\/\/tiendabkool.com\/index.php?rest_route=%2Fwp%2Fv2%2Fproduct_tag&post=3761"}],"curies":[{"name":"wp","href":"https:\/\/api.w.org\/{rel}","templated":true}]}}