{"id":3703,"date":"2024-12-21T23:19:05","date_gmt":"2024-12-21T23:19:05","guid":{"rendered":"https:\/\/tiendabkool.com\/?post_type=product&#038;p=3703"},"modified":"2024-12-22T16:35:29","modified_gmt":"2024-12-22T16:35:29","slug":"lilly-pulitzer-mila-dress-venta-final-no-devolucion","status":"publish","type":"product","link":"https:\/\/tiendabkool.com\/?product=lilly-pulitzer-mila-dress-venta-final-no-devolucion","title":{"rendered":"Lilly Pulitzer Mila Dress &#8211; venta final no devolucion"},"content":{"rendered":"<p>Tienda BKOOL presenta Lilly Pulitzer vestido Mila Shift de estilo cocktail, mini vestido Mila Shift de ajuste relajado, este estilo es apto para sujetadores, Mila Shift su exclusiva tela en algod\u00f3n org\u00e1nico est\u00e1 tejida con hilos de Meryl y dise\u00f1ado para tu comodidad, puedas mantenerte seca, fresca y c\u00f3moda, los hilos inhiben las bacterias que causan olores, puede mantenerse fresco incluso despu\u00e9s del uso, esta hecho en 100% algod\u00f3n org\u00e1nico.<\/p>\n","protected":false},"excerpt":{"rendered":"<p>Tienda BKOOL presenta Lilly Pulitzer vestido Mila Shift de estilo cocktail, mini vestido Mila Shift de ajuste relajado, este estilo es apto para sujetadores, Mila Shift su exclusiva tela en algod\u00f3n org\u00e1nico est\u00e1 tejida con hilos de Meryl y dise\u00f1ado para tu comodidad, puedas mantenerte seca, fresca y c\u00f3moda, los hilos inhiben las bacterias que causan olores, puede mantenerse fresco incluso despu\u00e9s del uso, esta hecho en 100% algod\u00f3n org\u00e1nico.<\/p>\n","protected":false},"featured_media":3720,"comment_status":"open","ping_status":"closed","template":"","meta":[],"product_cat":[197,301],"product_tag":[],"class_list":{"0":"post-3703","1":"product","2":"type-product","3":"status-publish","4":"has-post-thumbnail","6":"product_cat-mujer-2","7":"product_cat-vestido","9":"first","10":"instock","11":"taxable","12":"shipping-taxable","13":"purchasable","14":"product-type-variable","15":"has-default-attributes"},"jetpack_sharing_enabled":true,"_links":{"self":[{"href":"https:\/\/tiendabkool.com\/index.php?rest_route=\/wp\/v2\/product\/3703","targetHints":{"allow":["GET"]}}],"collection":[{"href":"https:\/\/tiendabkool.com\/index.php?rest_route=\/wp\/v2\/product"}],"about":[{"href":"https:\/\/tiendabkool.com\/index.php?rest_route=\/wp\/v2\/types\/product"}],"replies":[{"embeddable":true,"href":"https:\/\/tiendabkool.com\/index.php?rest_route=%2Fwp%2Fv2%2Fcomments&post=3703"}],"wp:featuredmedia":[{"embeddable":true,"href":"https:\/\/tiendabkool.com\/index.php?rest_route=\/wp\/v2\/media\/3720"}],"wp:attachment":[{"href":"https:\/\/tiendabkool.com\/index.php?rest_route=%2Fwp%2Fv2%2Fmedia&parent=3703"}],"wp:term":[{"taxonomy":"product_cat","embeddable":true,"href":"https:\/\/tiendabkool.com\/index.php?rest_route=%2Fwp%2Fv2%2Fproduct_cat&post=3703"},{"taxonomy":"product_tag","embeddable":true,"href":"https:\/\/tiendabkool.com\/index.php?rest_route=%2Fwp%2Fv2%2Fproduct_tag&post=3703"}],"curies":[{"name":"wp","href":"https:\/\/api.w.org\/{rel}","templated":true}]}}