{"id":3669,"date":"2024-12-21T19:32:41","date_gmt":"2024-12-21T19:32:41","guid":{"rendered":"https:\/\/tiendabkool.com\/?post_type=product&#038;p=3669"},"modified":"2025-11-02T17:55:50","modified_gmt":"2025-11-02T17:55:50","slug":"gafas-de-hombre-oakley","status":"publish","type":"product","link":"https:\/\/tiendabkool.com\/?product=gafas-de-hombre-oakley","title":{"rendered":"Oakley Drop Point &#8211; ENVIO GRATIS CARGOTRANS."},"content":{"rendered":"<p>Tienda BKOOL presenta Oakley Drop Point, que aporta claridad y rendimiento a los estilos de vida activos, combina la vista amplia de la curvatura lateral con una forma escultural en \u00e1ngulo, durabilidad y comodidad durante todo el d\u00eda gracias al material de montura O Matter, liviano y resistente al estr\u00e9s,.las almohadillas nasales unobtainium aumentan el agarre con transpiraci\u00f3n para un agarre antideslizante con ajuste de tres puntos comodidad y rendimiento que mantiene las lentes en una alineaci\u00f3n \u00f3ptica precisa, detalles de \u00edconos met\u00e1licos, HDPolarized minimiza el deslumbramiento mediante tecnolog\u00eda que produce una lente integral de una sola capa (opcional), visi\u00f3n perif\u00e9rica optimizada y protecci\u00f3n lateral de la curvatura base de la lente de 8,75, reducci\u00f3n del deslumbramiento y transmisi\u00f3n de luz optimizada del revestimiento de lente Iridium (opcional), precisi\u00f3n \u00f3ptica y rendimiento que cumple con los est\u00e1ndares ANSI Z87.1 con protecci\u00f3n contra impactos que cumple con los est\u00e1ndares ANSI Z87.1 para resistencia a impactos de alta velocidad y gran masa, m\u00e1xima claridad en todos los \u00e1ngulos de visi\u00f3n con XYZ Optics patentado, protecci\u00f3n UV del material de lente Plutonite que filtra el 100% de los rayos UVA\/UVB\/UVC y la da\u00f1ina luz azul hasta 400 nm.<br \/>Este articulo es venta final no aceptamos devolucion.<\/p>\n","protected":false},"excerpt":{"rendered":"<p>Tienda BKOOL presenta Oakley Drop Point, que aporta claridad y rendimiento a los estilos de vida activos, combina la vista amplia de la curvatura lateral con una forma escultural en \u00e1ngulo, durabilidad y comodidad durante todo el d\u00eda gracias al material de montura O Matter, liviano y resistente al estr\u00e9s,.las almohadillas nasales unobtainium aumentan el agarre con transpiraci\u00f3n para un agarre antideslizante con ajuste de tres puntos comodidad y rendimiento que mantiene las lentes en una alineaci\u00f3n \u00f3ptica precisa, detalles de \u00edconos met\u00e1licos, HDPolarized minimiza el deslumbramiento mediante tecnolog\u00eda que produce una lente integral de una sola capa (opcional), visi\u00f3n perif\u00e9rica optimizada y protecci\u00f3n lateral de la curvatura base de la lente de 8,75, reducci\u00f3n del deslumbramiento y transmisi\u00f3n de luz optimizada del revestimiento de lente Iridium (opcional), precisi\u00f3n \u00f3ptica y rendimiento que cumple con los est\u00e1ndares ANSI Z87.1 con protecci\u00f3n contra impactos que cumple con los est\u00e1ndares ANSI Z87.1 para resistencia a impactos de alta velocidad y gran masa, m\u00e1xima claridad en todos los \u00e1ngulos de visi\u00f3n con XYZ Optics patentado, protecci\u00f3n UV del material de lente Plutonite que filtra el 100% de los rayos UVA\/UVB\/UVC y la da\u00f1ina luz azul hasta 400 nm.<br \/>Este articulo es venta final no aceptamos devolucion.<\/p>\n","protected":false},"featured_media":3728,"comment_status":"open","ping_status":"closed","template":"","meta":[],"product_cat":[323,204,216,200],"product_tag":[],"class_list":{"0":"post-3669","1":"product","2":"type-product","3":"status-publish","4":"has-post-thumbnail","6":"product_cat-gafas-accesorios_hombre","7":"product_cat-accesorios_hombre","8":"product_cat-_hombres","9":"product_cat-hombre","11":"first","12":"instock","13":"taxable","14":"shipping-taxable","15":"purchasable","16":"product-type-simple"},"jetpack_sharing_enabled":true,"_links":{"self":[{"href":"https:\/\/tiendabkool.com\/index.php?rest_route=\/wp\/v2\/product\/3669","targetHints":{"allow":["GET"]}}],"collection":[{"href":"https:\/\/tiendabkool.com\/index.php?rest_route=\/wp\/v2\/product"}],"about":[{"href":"https:\/\/tiendabkool.com\/index.php?rest_route=\/wp\/v2\/types\/product"}],"replies":[{"embeddable":true,"href":"https:\/\/tiendabkool.com\/index.php?rest_route=%2Fwp%2Fv2%2Fcomments&post=3669"}],"wp:featuredmedia":[{"embeddable":true,"href":"https:\/\/tiendabkool.com\/index.php?rest_route=\/wp\/v2\/media\/3728"}],"wp:attachment":[{"href":"https:\/\/tiendabkool.com\/index.php?rest_route=%2Fwp%2Fv2%2Fmedia&parent=3669"}],"wp:term":[{"taxonomy":"product_cat","embeddable":true,"href":"https:\/\/tiendabkool.com\/index.php?rest_route=%2Fwp%2Fv2%2Fproduct_cat&post=3669"},{"taxonomy":"product_tag","embeddable":true,"href":"https:\/\/tiendabkool.com\/index.php?rest_route=%2Fwp%2Fv2%2Fproduct_tag&post=3669"}],"curies":[{"name":"wp","href":"https:\/\/api.w.org\/{rel}","templated":true}]}}