{"id":3668,"date":"2024-12-21T19:16:11","date_gmt":"2024-12-21T19:16:11","guid":{"rendered":"https:\/\/tiendabkool.com\/?post_type=product&#038;p=3668"},"modified":"2025-02-19T00:02:11","modified_gmt":"2025-02-19T00:02:11","slug":"kipling-shayna-raspberry-dream-venta-final-no-devolucion","status":"publish","type":"product","link":"https:\/\/tiendabkool.com\/?product=kipling-shayna-raspberry-dream-venta-final-no-devolucion","title":{"rendered":"Kipling Shayna Raspberry Dream &#8211; venta final no devolucion"},"content":{"rendered":"<p>Tienda BKOOL presenta Kipling Shayna es tu bolso cruzado ideal para todos los d\u00edas que nunca est\u00e1 fuera de lugar, ya sea que est\u00e9s haciendo recados o disfrutando de una salida nocturna. \u00a1Tiene muchos bolsillos para tus objetos esenciales y combina con cualquier conjunto!<br \/>Color en Raspberry Dream tiene las dimensiones: 8.5&#8221;L x 6.75&#8221;H x 3&#8221;D\u00a0con un peso de 0.57 lbs\u00a0y volumen: 1.5L, correa cruzada ajustable: ca\u00edda de 25.5&#8243;\u00a0cierre de solapa con broches magn\u00e9ticos, bolsillo frontal, bolsillo interno y\u00a0bolsillo interno con cremallera\u00a0la ca\u00edda de la correa extendida: 25.5&#8243;\u00a0Llavero de mono.\u00a0<\/p>\n","protected":false},"excerpt":{"rendered":"<p>Tienda BKOOL presenta Kipling Shayna es tu bolso cruzado ideal para todos los d\u00edas que nunca est\u00e1 fuera de lugar, ya sea que est\u00e9s haciendo recados o disfrutando de una salida nocturna. \u00a1Tiene muchos bolsillos para tus objetos esenciales y combina con cualquier conjunto!<br \/>Color en Raspberry Dream tiene las dimensiones: 8.5&#8221;L x 6.75&#8221;H x 3&#8221;D\u00a0con un peso de 0.57 lbs\u00a0y volumen: 1.5L, correa cruzada ajustable: ca\u00edda de 25.5&#8243;\u00a0cierre de solapa con broches magn\u00e9ticos, bolsillo frontal, bolsillo interno y\u00a0bolsillo interno con cremallera\u00a0la ca\u00edda de la correa extendida: 25.5&#8243;\u00a0Llavero de mono.\u00a0<\/p>\n","protected":false},"featured_media":3676,"comment_status":"open","ping_status":"closed","template":"","meta":[],"product_cat":[228,197],"product_tag":[],"class_list":{"0":"post-3668","1":"product","2":"type-product","3":"status-publish","4":"has-post-thumbnail","6":"product_cat-bolsos","7":"product_cat-mujer-2","9":"first","10":"outofstock","11":"taxable","12":"shipping-taxable","13":"purchasable","14":"product-type-simple"},"jetpack_sharing_enabled":true,"_links":{"self":[{"href":"https:\/\/tiendabkool.com\/index.php?rest_route=\/wp\/v2\/product\/3668","targetHints":{"allow":["GET"]}}],"collection":[{"href":"https:\/\/tiendabkool.com\/index.php?rest_route=\/wp\/v2\/product"}],"about":[{"href":"https:\/\/tiendabkool.com\/index.php?rest_route=\/wp\/v2\/types\/product"}],"replies":[{"embeddable":true,"href":"https:\/\/tiendabkool.com\/index.php?rest_route=%2Fwp%2Fv2%2Fcomments&post=3668"}],"wp:featuredmedia":[{"embeddable":true,"href":"https:\/\/tiendabkool.com\/index.php?rest_route=\/wp\/v2\/media\/3676"}],"wp:attachment":[{"href":"https:\/\/tiendabkool.com\/index.php?rest_route=%2Fwp%2Fv2%2Fmedia&parent=3668"}],"wp:term":[{"taxonomy":"product_cat","embeddable":true,"href":"https:\/\/tiendabkool.com\/index.php?rest_route=%2Fwp%2Fv2%2Fproduct_cat&post=3668"},{"taxonomy":"product_tag","embeddable":true,"href":"https:\/\/tiendabkool.com\/index.php?rest_route=%2Fwp%2Fv2%2Fproduct_tag&post=3668"}],"curies":[{"name":"wp","href":"https:\/\/api.w.org\/{rel}","templated":true}]}}