{"id":3547,"date":"2024-12-16T22:35:05","date_gmt":"2024-12-16T22:35:05","guid":{"rendered":"https:\/\/tiendabkool.com\/?post_type=product&#038;p=3547"},"modified":"2025-04-02T22:44:43","modified_gmt":"2025-04-02T22:44:43","slug":"vineyard-vines-diagonal-stripe-polo-venta-final-no-devolucion","status":"publish","type":"product","link":"https:\/\/tiendabkool.com\/?product=vineyard-vines-diagonal-stripe-polo-venta-final-no-devolucion","title":{"rendered":"Vineyard Vines Diagonal Stripe Polo &#8211; venta final no devolucion"},"content":{"rendered":"<p>Tienda BKOOL presenta Vineyard Vines Diagonal Stripe Polo llena de colores brillantes, estampados atrevidos y favoritos cl\u00e1sicos listo para tus momentos especiales, se puede usar por dentro o por fuera, con mangas y cuello en bloques de color el logotipo de ballena de gran tama\u00f1o en el pecho e Iconos bordados de tejido suave esta hecha en 100% algod\u00f3n org\u00e1nico.\u00a0<\/p>\n","protected":false},"excerpt":{"rendered":"<p>Tienda BKOOL presenta Vineyard Vines Diagonal Stripe Polo llena de colores brillantes, estampados atrevidos y favoritos cl\u00e1sicos listo para tus momentos especiales, se puede usar por dentro o por fuera, con mangas y cuello en bloques de color el logotipo de ballena de gran tama\u00f1o en el pecho e Iconos bordados de tejido suave esta hecha en 100% algod\u00f3n org\u00e1nico.\u00a0<\/p>\n","protected":false},"featured_media":3770,"comment_status":"open","ping_status":"closed","template":"","meta":[],"product_cat":[201,200,208],"product_tag":[],"class_list":{"0":"post-3547","1":"product","2":"type-product","3":"status-publish","4":"has-post-thumbnail","6":"product_cat-camisas_hombre","7":"product_cat-hombre","8":"product_cat-_hombre-camisas_hombre","10":"first","11":"instock","12":"taxable","13":"shipping-taxable","14":"purchasable","15":"product-type-variable","16":"has-default-attributes"},"jetpack_sharing_enabled":true,"_links":{"self":[{"href":"https:\/\/tiendabkool.com\/index.php?rest_route=\/wp\/v2\/product\/3547","targetHints":{"allow":["GET"]}}],"collection":[{"href":"https:\/\/tiendabkool.com\/index.php?rest_route=\/wp\/v2\/product"}],"about":[{"href":"https:\/\/tiendabkool.com\/index.php?rest_route=\/wp\/v2\/types\/product"}],"replies":[{"embeddable":true,"href":"https:\/\/tiendabkool.com\/index.php?rest_route=%2Fwp%2Fv2%2Fcomments&post=3547"}],"wp:featuredmedia":[{"embeddable":true,"href":"https:\/\/tiendabkool.com\/index.php?rest_route=\/wp\/v2\/media\/3770"}],"wp:attachment":[{"href":"https:\/\/tiendabkool.com\/index.php?rest_route=%2Fwp%2Fv2%2Fmedia&parent=3547"}],"wp:term":[{"taxonomy":"product_cat","embeddable":true,"href":"https:\/\/tiendabkool.com\/index.php?rest_route=%2Fwp%2Fv2%2Fproduct_cat&post=3547"},{"taxonomy":"product_tag","embeddable":true,"href":"https:\/\/tiendabkool.com\/index.php?rest_route=%2Fwp%2Fv2%2Fproduct_tag&post=3547"}],"curies":[{"name":"wp","href":"https:\/\/api.w.org\/{rel}","templated":true}]}}