{"id":3078,"date":"2024-10-22T23:43:16","date_gmt":"2024-10-22T23:43:16","guid":{"rendered":"https:\/\/tiendabkool.com\/?post_type=product&#038;p=3078"},"modified":"2025-08-30T21:39:56","modified_gmt":"2025-08-30T21:39:56","slug":"vineyard-vines-light-wash-jeans","status":"publish","type":"product","link":"https:\/\/tiendabkool.com\/?product=vineyard-vines-light-wash-jeans","title":{"rendered":"Vineyard Vines Light Wash Jeans"},"content":{"rendered":"<p>Tienda BKOOL presenta Vineyard Vines un par de jeans probados y sensatos son imprecindibles para la buena vida, es por eso que hemos estado trabajando duro para lograr lo mejor, estan confeccionados con de origen sostenible de la famosa fabrica Italiana de mezclilla Candiani en Milan, estos jeans combinan fina artesan\u00eda y El estilo cl\u00e1sico de New England, saluda tu nuevos jeans favoritos, denim suave, duradero y de origen sostenible, tejido el\u00e1stico incorporado, ribetes sutiles del logotipo, cinco bolsillos tradicionales, un ajuste delgado y c\u00f3nico, tinte indigo verdadero, lavado vintage deste\u00f1ido por el sol, estan hechos en 98% algod\u00f3n org\u00e1nico Italiano y 2% elastano.<\/p>\n","protected":false},"excerpt":{"rendered":"<p>Tienda BKOOL presenta Vineyard Vines un par de jeans probados y sensatos son imprecindibles para la buena vida, es por eso que hemos estado trabajando duro para lograr lo mejor, estan confeccionados con de origen sostenible de la famosa fabrica Italiana de mezclilla Candiani en Milan, estos jeans combinan fina artesan\u00eda y El estilo cl\u00e1sico de New England, saluda tu nuevos jeans favoritos, denim suave, duradero y de origen sostenible, tejido el\u00e1stico incorporado, ribetes sutiles del logotipo, cinco bolsillos tradicionales, un ajuste delgado y c\u00f3nico, tinte indigo verdadero, lavado vintage deste\u00f1ido por el sol, estan hechos en 98% algod\u00f3n org\u00e1nico Italiano y 2% elastano.<\/p>\n","protected":false},"featured_media":3314,"comment_status":"open","ping_status":"closed","template":"","meta":[],"product_cat":[200,211,202],"product_tag":[],"class_list":{"0":"post-3078","1":"product","2":"type-product","3":"status-publish","4":"has-post-thumbnail","6":"product_cat-hombre","7":"product_cat-_hombre-pantalones_hombre","8":"product_cat-pantalones_hombre","10":"first","11":"instock","12":"taxable","13":"shipping-taxable","14":"purchasable","15":"product-type-variable","16":"has-default-attributes"},"jetpack_sharing_enabled":true,"_links":{"self":[{"href":"https:\/\/tiendabkool.com\/index.php?rest_route=\/wp\/v2\/product\/3078","targetHints":{"allow":["GET"]}}],"collection":[{"href":"https:\/\/tiendabkool.com\/index.php?rest_route=\/wp\/v2\/product"}],"about":[{"href":"https:\/\/tiendabkool.com\/index.php?rest_route=\/wp\/v2\/types\/product"}],"replies":[{"embeddable":true,"href":"https:\/\/tiendabkool.com\/index.php?rest_route=%2Fwp%2Fv2%2Fcomments&post=3078"}],"wp:featuredmedia":[{"embeddable":true,"href":"https:\/\/tiendabkool.com\/index.php?rest_route=\/wp\/v2\/media\/3314"}],"wp:attachment":[{"href":"https:\/\/tiendabkool.com\/index.php?rest_route=%2Fwp%2Fv2%2Fmedia&parent=3078"}],"wp:term":[{"taxonomy":"product_cat","embeddable":true,"href":"https:\/\/tiendabkool.com\/index.php?rest_route=%2Fwp%2Fv2%2Fproduct_cat&post=3078"},{"taxonomy":"product_tag","embeddable":true,"href":"https:\/\/tiendabkool.com\/index.php?rest_route=%2Fwp%2Fv2%2Fproduct_tag&post=3078"}],"curies":[{"name":"wp","href":"https:\/\/api.w.org\/{rel}","templated":true}]}}