{"id":15697,"date":"2026-04-11T23:11:31","date_gmt":"2026-04-11T23:11:31","guid":{"rendered":"https:\/\/tiendabkool.com\/?post_type=product&#038;p=15697"},"modified":"2026-04-26T16:38:50","modified_gmt":"2026-04-26T16:38:50","slug":"lilly-pulitzer-loves-nantucket-envios-gratis-cargotrans","status":"publish","type":"product","link":"https:\/\/tiendabkool.com\/?product=lilly-pulitzer-loves-nantucket-envios-gratis-cargotrans","title":{"rendered":"Lilly Pulitzer Loves Nantucket &#8211; ENVIOS GRATIS CARGOTRANS."},"content":{"rendered":"<p>Tienda BKOOL presenta Lilly Pulitzer Loves Nantucket, la sudadera Skipper es una prenda de manga larga con media cremallera que se ha convertido en una de nuestras prendas deportivas imprescindibles, sin importar la temporada,\u00a0 es una sudadera con media cremallera y prtecci\u00f3n UPF5P+ mangas largas y bolsillos ribeteados, esta hecha en 96% algod\u00f3n org\u00e1nico y 4% elastano.\u00a0<br \/>Este articulo es venta final no se acepta devoluci\u00f3n.\u00a0<\/p>\n","protected":false},"excerpt":{"rendered":"<p>Tienda BKOOL presenta Lilly Pulitzer Loves Nantucket, la sudadera Skipper es una prenda de manga larga con media cremallera que se ha convertido en una de nuestras prendas deportivas imprescindibles, sin importar la temporada,\u00a0 es una sudadera con media cremallera y prtecci\u00f3n UPF5P+ mangas largas y bolsillos ribeteados, esta hecha en 96% algod\u00f3n org\u00e1nico y 4% elastano.\u00a0<br \/>Este articulo es venta final no se acepta devoluci\u00f3n.\u00a0<\/p>\n","protected":false},"featured_media":15981,"comment_status":"open","ping_status":"closed","template":"","meta":[],"product_cat":[224,233,197],"product_tag":[],"class_list":{"0":"post-15697","1":"product","2":"type-product","3":"status-publish","4":"has-post-thumbnail","6":"product_cat-camisas","7":"product_cat-camiseta","8":"product_cat-mujer-2","10":"first","11":"instock","12":"taxable","13":"shipping-taxable","14":"purchasable","15":"product-type-variable","16":"has-default-attributes"},"jetpack_sharing_enabled":true,"_links":{"self":[{"href":"https:\/\/tiendabkool.com\/index.php?rest_route=\/wp\/v2\/product\/15697","targetHints":{"allow":["GET"]}}],"collection":[{"href":"https:\/\/tiendabkool.com\/index.php?rest_route=\/wp\/v2\/product"}],"about":[{"href":"https:\/\/tiendabkool.com\/index.php?rest_route=\/wp\/v2\/types\/product"}],"replies":[{"embeddable":true,"href":"https:\/\/tiendabkool.com\/index.php?rest_route=%2Fwp%2Fv2%2Fcomments&post=15697"}],"wp:featuredmedia":[{"embeddable":true,"href":"https:\/\/tiendabkool.com\/index.php?rest_route=\/wp\/v2\/media\/15981"}],"wp:attachment":[{"href":"https:\/\/tiendabkool.com\/index.php?rest_route=%2Fwp%2Fv2%2Fmedia&parent=15697"}],"wp:term":[{"taxonomy":"product_cat","embeddable":true,"href":"https:\/\/tiendabkool.com\/index.php?rest_route=%2Fwp%2Fv2%2Fproduct_cat&post=15697"},{"taxonomy":"product_tag","embeddable":true,"href":"https:\/\/tiendabkool.com\/index.php?rest_route=%2Fwp%2Fv2%2Fproduct_tag&post=15697"}],"curies":[{"name":"wp","href":"https:\/\/api.w.org\/{rel}","templated":true}]}}