{"id":15664,"date":"2026-04-11T20:16:31","date_gmt":"2026-04-11T20:16:31","guid":{"rendered":"https:\/\/tiendabkool.com\/?post_type=product&#038;p=15664"},"modified":"2026-04-26T00:44:45","modified_gmt":"2026-04-26T00:44:45","slug":"tommy-hilfiger-denim-dress-envios-gratis-cargotrans","status":"publish","type":"product","link":"https:\/\/tiendabkool.com\/?product=tommy-hilfiger-denim-dress-envios-gratis-cargotrans","title":{"rendered":"Tommy Hilfiger Denim Dress &#8211; ENVIOS GRATIS CARGOTRANS."},"content":{"rendered":"<p>Tienda BKOOL presenta Tommy Hilfiger Denim Dress, vestirte para la semana de ocaciones especiales ahora es m\u00e1s fac\u00edl, este mini vestido estructurado cuenta con amplios bolsillos de parche y cintur\u00f3n, confeccionado en suave denim de algod\u00f3n y lyocell, esta prenda tiene una caida favorecedora, tapeta de botones, cintur\u00f3n del mismo tejido, esta hecho en 84% algod\u00f3n y 16% lyocell.<br \/>Este articulo es venta final no se acepta devoluci\u00f3n.\u00a0<\/p>\n","protected":false},"excerpt":{"rendered":"<p>Tienda BKOOL presenta Tommy Hilfiger Denim Dress, vestirte para la semana de ocaciones especiales ahora es m\u00e1s fac\u00edl, este mini vestido estructurado cuenta con amplios bolsillos de parche y cintur\u00f3n, confeccionado en suave denim de algod\u00f3n y lyocell, esta prenda tiene una caida favorecedora, tapeta de botones, cintur\u00f3n del mismo tejido, esta hecho en 84% algod\u00f3n y 16% lyocell.<br \/>Este articulo es venta final no se acepta devoluci\u00f3n.\u00a0<\/p>\n","protected":false},"featured_media":15932,"comment_status":"open","ping_status":"closed","template":"","meta":[],"product_cat":[197,301,300],"product_tag":[],"class_list":{"0":"post-15664","1":"product","2":"type-product","3":"status-publish","4":"has-post-thumbnail","6":"product_cat-mujer-2","7":"product_cat-vestido","8":"product_cat-vestidos","10":"first","11":"instock","12":"taxable","13":"shipping-taxable","14":"purchasable","15":"product-type-variable","16":"has-default-attributes"},"jetpack_sharing_enabled":true,"_links":{"self":[{"href":"https:\/\/tiendabkool.com\/index.php?rest_route=\/wp\/v2\/product\/15664","targetHints":{"allow":["GET"]}}],"collection":[{"href":"https:\/\/tiendabkool.com\/index.php?rest_route=\/wp\/v2\/product"}],"about":[{"href":"https:\/\/tiendabkool.com\/index.php?rest_route=\/wp\/v2\/types\/product"}],"replies":[{"embeddable":true,"href":"https:\/\/tiendabkool.com\/index.php?rest_route=%2Fwp%2Fv2%2Fcomments&post=15664"}],"wp:featuredmedia":[{"embeddable":true,"href":"https:\/\/tiendabkool.com\/index.php?rest_route=\/wp\/v2\/media\/15932"}],"wp:attachment":[{"href":"https:\/\/tiendabkool.com\/index.php?rest_route=%2Fwp%2Fv2%2Fmedia&parent=15664"}],"wp:term":[{"taxonomy":"product_cat","embeddable":true,"href":"https:\/\/tiendabkool.com\/index.php?rest_route=%2Fwp%2Fv2%2Fproduct_cat&post=15664"},{"taxonomy":"product_tag","embeddable":true,"href":"https:\/\/tiendabkool.com\/index.php?rest_route=%2Fwp%2Fv2%2Fproduct_tag&post=15664"}],"curies":[{"name":"wp","href":"https:\/\/api.w.org\/{rel}","templated":true}]}}