{"id":15598,"date":"2026-04-09T22:42:49","date_gmt":"2026-04-09T22:42:49","guid":{"rendered":"https:\/\/tiendabkool.com\/?post_type=product&#038;p=15598"},"modified":"2026-04-25T13:25:00","modified_gmt":"2026-04-25T13:25:00","slug":"tommy-hilfiger-sailing-envios-gratis-cargotrans","status":"publish","type":"product","link":"https:\/\/tiendabkool.com\/?product=tommy-hilfiger-sailing-envios-gratis-cargotrans","title":{"rendered":"Tommy Hilfiger Sailing- ENVIOS GRATIS CARGOTRANS."},"content":{"rendered":"<p>Tienda BKOOL presenta Tommy Hilfiger Sailing T-shirt, confeccionada en punto jersey de algod\u00f3n con un tacto suave y excelente elasticidad, esta camiseta con el logotipo de navegaci\u00f3n es super c\u00f3moda con logotipo en el pecho, el brazo y la espalda, este producto contiene algod\u00f3n regenerativo, cultivado mediante n\u00e9todos agr\u00edcolas que buscan mejorar la salud del suelo, las cuencas hidrogr\u00e1ficas y la biodiversidad.<br \/>Este articulo es venta final no aceptamos devoluci\u00f3n.\u00a0<\/p>\n","protected":false},"excerpt":{"rendered":"<p>Tienda BKOOL presenta Tommy Hilfiger Sailing T-shirt, confeccionada en punto jersey de algod\u00f3n con un tacto suave y excelente elasticidad, esta camiseta con el logotipo de navegaci\u00f3n es super c\u00f3moda con logotipo en el pecho, el brazo y la espalda, este producto contiene algod\u00f3n regenerativo, cultivado mediante n\u00e9todos agr\u00edcolas que buscan mejorar la salud del suelo, las cuencas hidrogr\u00e1ficas y la biodiversidad.<br \/>Este articulo es venta final no aceptamos devoluci\u00f3n.\u00a0<\/p>\n","protected":false},"featured_media":15877,"comment_status":"open","ping_status":"closed","template":"","meta":[],"product_cat":[201,209,200],"product_tag":[],"class_list":{"0":"post-15598","1":"product","2":"type-product","3":"status-publish","4":"has-post-thumbnail","6":"product_cat-camisas_hombre","7":"product_cat-_hombre-camisas_hombre-hombre","8":"product_cat-hombre","10":"first","11":"instock","12":"taxable","13":"shipping-taxable","14":"purchasable","15":"product-type-variable","16":"has-default-attributes"},"jetpack_sharing_enabled":true,"_links":{"self":[{"href":"https:\/\/tiendabkool.com\/index.php?rest_route=\/wp\/v2\/product\/15598","targetHints":{"allow":["GET"]}}],"collection":[{"href":"https:\/\/tiendabkool.com\/index.php?rest_route=\/wp\/v2\/product"}],"about":[{"href":"https:\/\/tiendabkool.com\/index.php?rest_route=\/wp\/v2\/types\/product"}],"replies":[{"embeddable":true,"href":"https:\/\/tiendabkool.com\/index.php?rest_route=%2Fwp%2Fv2%2Fcomments&post=15598"}],"wp:featuredmedia":[{"embeddable":true,"href":"https:\/\/tiendabkool.com\/index.php?rest_route=\/wp\/v2\/media\/15877"}],"wp:attachment":[{"href":"https:\/\/tiendabkool.com\/index.php?rest_route=%2Fwp%2Fv2%2Fmedia&parent=15598"}],"wp:term":[{"taxonomy":"product_cat","embeddable":true,"href":"https:\/\/tiendabkool.com\/index.php?rest_route=%2Fwp%2Fv2%2Fproduct_cat&post=15598"},{"taxonomy":"product_tag","embeddable":true,"href":"https:\/\/tiendabkool.com\/index.php?rest_route=%2Fwp%2Fv2%2Fproduct_tag&post=15598"}],"curies":[{"name":"wp","href":"https:\/\/api.w.org\/{rel}","templated":true}]}}