{"id":15595,"date":"2026-04-08T23:27:23","date_gmt":"2026-04-08T23:27:23","guid":{"rendered":"https:\/\/tiendabkool.com\/?post_type=product&#038;p=15595"},"modified":"2026-04-15T22:56:05","modified_gmt":"2026-04-15T22:56:05","slug":"cubavera-guayabera-vestido-envio-gratis-cargotrans","status":"publish","type":"product","link":"https:\/\/tiendabkool.com\/?product=cubavera-guayabera-vestido-envio-gratis-cargotrans","title":{"rendered":"Cubavera Guayabera Vestido &#8211; ENVIO GRATIS CARGOTRANS."},"content":{"rendered":"<p>Tienda BKOOL presenta Cubavera Guayabera Vestido, este vestido estilo guayabera para mujer de Cubavera es una elegante fusi\u00f3n del estilo tradicional de la guayabera y la moda contempor\u00e1nea de inspiraci\u00f3n cubana, esta confeccionado para brindar confort en climas c\u00e1lidos, cuenta con un tejido transpirable de lino y viscosa, cierre frontal abotonado, cuello de punta y dos bolsillos en el pecho, su dise\u00f1o chic, inspirado en la camisa guayabera, confiere a este vestido de verano una est\u00e9tica \u00fanica, perfecta para salidas diurnas.<br \/>Corte cl\u00e1sico | El tejido de mezcla de lino y viscosa es transpirable y ofrece una ca\u00edda fluida | Cuello de punta para un acabado pulido | 2 bolsillos en el pecho | Estilo cl\u00e1sico de guayabera | Cierre frontal abotonado | Incluye vestido interior para mayor cobertura | Mangas cortas y esta hecho en 55% algod\u00f3n, 45% Viscosa.<br \/>Este articulo es venta final no devoluci\u00f3n.<\/p>\n","protected":false},"excerpt":{"rendered":"<p>Tienda BKOOL presenta Cubavera Guayabera Vestido, este vestido estilo guayabera para mujer de Cubavera es una elegante fusi\u00f3n del estilo tradicional de la guayabera y la moda contempor\u00e1nea de inspiraci\u00f3n cubana, esta confeccionado para brindar confort en climas c\u00e1lidos, cuenta con un tejido transpirable de lino y viscosa, cierre frontal abotonado, cuello de punta y dos bolsillos en el pecho, su dise\u00f1o chic, inspirado en la camisa guayabera, confiere a este vestido de verano una est\u00e9tica \u00fanica, perfecta para salidas diurnas.<br \/>Corte cl\u00e1sico | El tejido de mezcla de lino y viscosa es transpirable y ofrece una ca\u00edda fluida | Cuello de punta para un acabado pulido | 2 bolsillos en el pecho | Estilo cl\u00e1sico de guayabera | Cierre frontal abotonado | Incluye vestido interior para mayor cobertura | Mangas cortas y esta hecho en 55% algod\u00f3n, 45% Viscosa.<br \/>Este articulo es venta final no devoluci\u00f3n.<\/p>\n","protected":false},"featured_media":15798,"comment_status":"open","ping_status":"closed","template":"","meta":[],"product_cat":[197,301,300],"product_tag":[],"class_list":{"0":"post-15595","1":"product","2":"type-product","3":"status-publish","4":"has-post-thumbnail","6":"product_cat-mujer-2","7":"product_cat-vestido","8":"product_cat-vestidos","10":"first","11":"instock","12":"taxable","13":"shipping-taxable","14":"purchasable","15":"product-type-variable","16":"has-default-attributes"},"jetpack_sharing_enabled":true,"_links":{"self":[{"href":"https:\/\/tiendabkool.com\/index.php?rest_route=\/wp\/v2\/product\/15595","targetHints":{"allow":["GET"]}}],"collection":[{"href":"https:\/\/tiendabkool.com\/index.php?rest_route=\/wp\/v2\/product"}],"about":[{"href":"https:\/\/tiendabkool.com\/index.php?rest_route=\/wp\/v2\/types\/product"}],"replies":[{"embeddable":true,"href":"https:\/\/tiendabkool.com\/index.php?rest_route=%2Fwp%2Fv2%2Fcomments&post=15595"}],"wp:featuredmedia":[{"embeddable":true,"href":"https:\/\/tiendabkool.com\/index.php?rest_route=\/wp\/v2\/media\/15798"}],"wp:attachment":[{"href":"https:\/\/tiendabkool.com\/index.php?rest_route=%2Fwp%2Fv2%2Fmedia&parent=15595"}],"wp:term":[{"taxonomy":"product_cat","embeddable":true,"href":"https:\/\/tiendabkool.com\/index.php?rest_route=%2Fwp%2Fv2%2Fproduct_cat&post=15595"},{"taxonomy":"product_tag","embeddable":true,"href":"https:\/\/tiendabkool.com\/index.php?rest_route=%2Fwp%2Fv2%2Fproduct_tag&post=15595"}],"curies":[{"name":"wp","href":"https:\/\/api.w.org\/{rel}","templated":true}]}}