{"id":15475,"date":"2026-03-31T20:57:46","date_gmt":"2026-03-31T20:57:46","guid":{"rendered":"https:\/\/tiendabkool.com\/?post_type=product&#038;p=15475"},"modified":"2026-04-19T20:02:47","modified_gmt":"2026-04-19T20:02:47","slug":"levis-501-jeans-envios-gratis-cargotrans","status":"publish","type":"product","link":"https:\/\/tiendabkool.com\/?product=levis-501-jeans-envios-gratis-cargotrans","title":{"rendered":"Levi&#8217;s 501 Jeans &#8211; ENVIOS GRATIS CARGOTRANS."},"content":{"rendered":"<p>Tienda BKOOL presenta Levi&#8217;s 501 dise\u00f1ados para favorecer, estos jeans 501 curved presentan una cintura media, pernera c\u00f3nica y un corte curvilineo que realza tu figura natural, con cierre de botones, estan hechos en algod\u00f3n y elastano.<\/p>\n","protected":false},"excerpt":{"rendered":"<p>Tienda BKOOL presenta Levi&#8217;s 501 dise\u00f1ados para favorecer, estos jeans 501 curved presentan una cintura media, pernera c\u00f3nica y un corte curvilineo que realza tu figura natural, con cierre de botones, estan hechos en algod\u00f3n y elastano.<\/p>\n","protected":false},"featured_media":15819,"comment_status":"open","ping_status":"closed","template":"","meta":[],"product_cat":[235,197,225],"product_tag":[],"class_list":{"0":"post-15475","1":"product","2":"type-product","3":"status-publish","4":"has-post-thumbnail","6":"product_cat-jeans","7":"product_cat-mujer-2","8":"product_cat-pantalones","10":"first","11":"instock","12":"taxable","13":"shipping-taxable","14":"purchasable","15":"product-type-variable","16":"has-default-attributes"},"jetpack_sharing_enabled":true,"_links":{"self":[{"href":"https:\/\/tiendabkool.com\/index.php?rest_route=\/wp\/v2\/product\/15475","targetHints":{"allow":["GET"]}}],"collection":[{"href":"https:\/\/tiendabkool.com\/index.php?rest_route=\/wp\/v2\/product"}],"about":[{"href":"https:\/\/tiendabkool.com\/index.php?rest_route=\/wp\/v2\/types\/product"}],"replies":[{"embeddable":true,"href":"https:\/\/tiendabkool.com\/index.php?rest_route=%2Fwp%2Fv2%2Fcomments&post=15475"}],"wp:featuredmedia":[{"embeddable":true,"href":"https:\/\/tiendabkool.com\/index.php?rest_route=\/wp\/v2\/media\/15819"}],"wp:attachment":[{"href":"https:\/\/tiendabkool.com\/index.php?rest_route=%2Fwp%2Fv2%2Fmedia&parent=15475"}],"wp:term":[{"taxonomy":"product_cat","embeddable":true,"href":"https:\/\/tiendabkool.com\/index.php?rest_route=%2Fwp%2Fv2%2Fproduct_cat&post=15475"},{"taxonomy":"product_tag","embeddable":true,"href":"https:\/\/tiendabkool.com\/index.php?rest_route=%2Fwp%2Fv2%2Fproduct_tag&post=15475"}],"curies":[{"name":"wp","href":"https:\/\/api.w.org\/{rel}","templated":true}]}}