{"id":15386,"date":"2026-03-30T21:03:45","date_gmt":"2026-03-30T21:03:45","guid":{"rendered":"https:\/\/tiendabkool.com\/?post_type=product&#038;p=15386"},"modified":"2026-04-12T01:34:52","modified_gmt":"2026-04-12T01:34:52","slug":"rag-bone-t-shirt-envio-gratis","status":"publish","type":"product","link":"https:\/\/tiendabkool.com\/?product=rag-bone-t-shirt-envio-gratis","title":{"rendered":"rag &amp; bone t-shirt &#8211; ENVIO GRATIS."},"content":{"rendered":"<p>Tienda BKOOL presenta rag &amp; bone All Over Ozzy Butterfly printed cotton shirt,<br \/>mariposas coloridas con estampado digital revolotean sobre esta camiseta de cuello redondo, confeccionada con un corte cl\u00e1sico en una mezcla de algod\u00f3n prima peruano el\u00e1stico, esta hecha en 88% algod\u00f3n, 10% poli\u00e9ster, 2% elastano.<br \/>Este articulo es venta final no devolucion.<\/p>\n","protected":false},"excerpt":{"rendered":"<p>Tienda BKOOL presenta rag &amp; bone All Over Ozzy Butterfly printed cotton shirt,<br \/>mariposas coloridas con estampado digital revolotean sobre esta camiseta de cuello redondo, confeccionada con un corte cl\u00e1sico en una mezcla de algod\u00f3n prima peruano el\u00e1stico, esta hecha en 88% algod\u00f3n, 10% poli\u00e9ster, 2% elastano.<br \/>Este articulo es venta final no devolucion.<\/p>\n","protected":false},"featured_media":15707,"comment_status":"open","ping_status":"closed","template":"","meta":[],"product_cat":[224,233,197],"product_tag":[],"class_list":{"0":"post-15386","1":"product","2":"type-product","3":"status-publish","4":"has-post-thumbnail","6":"product_cat-camisas","7":"product_cat-camiseta","8":"product_cat-mujer-2","10":"first","11":"instock","12":"taxable","13":"shipping-taxable","14":"purchasable","15":"product-type-variable","16":"has-default-attributes"},"jetpack_sharing_enabled":true,"_links":{"self":[{"href":"https:\/\/tiendabkool.com\/index.php?rest_route=\/wp\/v2\/product\/15386","targetHints":{"allow":["GET"]}}],"collection":[{"href":"https:\/\/tiendabkool.com\/index.php?rest_route=\/wp\/v2\/product"}],"about":[{"href":"https:\/\/tiendabkool.com\/index.php?rest_route=\/wp\/v2\/types\/product"}],"replies":[{"embeddable":true,"href":"https:\/\/tiendabkool.com\/index.php?rest_route=%2Fwp%2Fv2%2Fcomments&post=15386"}],"wp:featuredmedia":[{"embeddable":true,"href":"https:\/\/tiendabkool.com\/index.php?rest_route=\/wp\/v2\/media\/15707"}],"wp:attachment":[{"href":"https:\/\/tiendabkool.com\/index.php?rest_route=%2Fwp%2Fv2%2Fmedia&parent=15386"}],"wp:term":[{"taxonomy":"product_cat","embeddable":true,"href":"https:\/\/tiendabkool.com\/index.php?rest_route=%2Fwp%2Fv2%2Fproduct_cat&post=15386"},{"taxonomy":"product_tag","embeddable":true,"href":"https:\/\/tiendabkool.com\/index.php?rest_route=%2Fwp%2Fv2%2Fproduct_tag&post=15386"}],"curies":[{"name":"wp","href":"https:\/\/api.w.org\/{rel}","templated":true}]}}