{"id":13238,"date":"2025-09-05T23:11:58","date_gmt":"2025-09-05T23:11:58","guid":{"rendered":"https:\/\/tiendabkool.com\/?post_type=product&#038;p=13238"},"modified":"2025-09-07T14:50:32","modified_gmt":"2025-09-07T14:50:32","slug":"cabana-life-sag-harbor-venta-final-no-devolucion","status":"publish","type":"product","link":"https:\/\/tiendabkool.com\/?product=cabana-life-sag-harbor-venta-final-no-devolucion","title":{"rendered":"Cabana Life Sag-Harbor &#8211; venta final no devolucion."},"content":{"rendered":"<p>Tienda BKOOL presenta Cabana Life Sag-Harbor vestido recto presenta una silueta favorecedora y relajada, imprescindible para tus viajes, este cl\u00e1sico vestido de cuello barco es ligero, transpirable y multifuncional, ll\u00e9valo a la playa, al paseo mar\u00edtimo o a la sala de juntas y descubre por qu\u00e9 a todos les encanta esta vers\u00e1til prenda, toda la ropa de Cabana Life ofrece protecci\u00f3n UV de amplio espectro. Nailon\/Spandex que bloquea el 98% de los rayos UVA y UVB, protecci\u00f3n UPF 50+, ligero, transpirable y resistente a las arrugas. Mangas 3\/4. Bolsillo frontal funcional, recomendamos lavar a mano o en ciclo delicado, secar en superficie plana.<\/p>\n","protected":false},"excerpt":{"rendered":"<p>Tienda BKOOL presenta Cabana Life Sag-Harbor vestido recto presenta una silueta favorecedora y relajada, imprescindible para tus viajes, este cl\u00e1sico vestido de cuello barco es ligero, transpirable y multifuncional, ll\u00e9valo a la playa, al paseo mar\u00edtimo o a la sala de juntas y descubre por qu\u00e9 a todos les encanta esta vers\u00e1til prenda, toda la ropa de Cabana Life ofrece protecci\u00f3n UV de amplio espectro. Nailon\/Spandex que bloquea el 98% de los rayos UVA y UVB, protecci\u00f3n UPF 50+, ligero, transpirable y resistente a las arrugas. Mangas 3\/4. Bolsillo frontal funcional, recomendamos lavar a mano o en ciclo delicado, secar en superficie plana.<\/p>\n","protected":false},"featured_media":13352,"comment_status":"open","ping_status":"closed","template":"","meta":[],"product_cat":[197,301,300],"product_tag":[],"class_list":{"0":"post-13238","1":"product","2":"type-product","3":"status-publish","4":"has-post-thumbnail","6":"product_cat-mujer-2","7":"product_cat-vestido","8":"product_cat-vestidos","10":"first","11":"instock","12":"taxable","13":"shipping-taxable","14":"purchasable","15":"product-type-variable","16":"has-default-attributes"},"jetpack_sharing_enabled":true,"_links":{"self":[{"href":"https:\/\/tiendabkool.com\/index.php?rest_route=\/wp\/v2\/product\/13238","targetHints":{"allow":["GET"]}}],"collection":[{"href":"https:\/\/tiendabkool.com\/index.php?rest_route=\/wp\/v2\/product"}],"about":[{"href":"https:\/\/tiendabkool.com\/index.php?rest_route=\/wp\/v2\/types\/product"}],"replies":[{"embeddable":true,"href":"https:\/\/tiendabkool.com\/index.php?rest_route=%2Fwp%2Fv2%2Fcomments&post=13238"}],"wp:featuredmedia":[{"embeddable":true,"href":"https:\/\/tiendabkool.com\/index.php?rest_route=\/wp\/v2\/media\/13352"}],"wp:attachment":[{"href":"https:\/\/tiendabkool.com\/index.php?rest_route=%2Fwp%2Fv2%2Fmedia&parent=13238"}],"wp:term":[{"taxonomy":"product_cat","embeddable":true,"href":"https:\/\/tiendabkool.com\/index.php?rest_route=%2Fwp%2Fv2%2Fproduct_cat&post=13238"},{"taxonomy":"product_tag","embeddable":true,"href":"https:\/\/tiendabkool.com\/index.php?rest_route=%2Fwp%2Fv2%2Fproduct_tag&post=13238"}],"curies":[{"name":"wp","href":"https:\/\/api.w.org\/{rel}","templated":true}]}}