{"id":13226,"date":"2025-09-05T21:35:29","date_gmt":"2025-09-05T21:35:29","guid":{"rendered":"https:\/\/tiendabkool.com\/?post_type=product&#038;p=13226"},"modified":"2026-04-11T22:27:55","modified_gmt":"2026-04-11T22:27:55","slug":"tommy-hilfiger-linen-blend-pull-on-venta-final-no-devolucion","status":"publish","type":"product","link":"https:\/\/tiendabkool.com\/?product=tommy-hilfiger-linen-blend-pull-on-venta-final-no-devolucion","title":{"rendered":"Tommy Hilfiger Linen-Blend Pull-On &#8211; venta final no devolucion."},"content":{"rendered":"<p>Tienda BKOOL presenta Tommy Hilfiger Linen-Blend Pull-On Pantalones confeccionados en un tejido ligero y transpirable de algod\u00f3n y lino, nuestros pantalones son ideales para los meses m\u00e1s c\u00e1lidos del a\u00f1o, con un corte recto de cintura a bajo, estos pantalones son excepcionalmente favorecedores y c\u00f3modos, como detalles presentan cintur\u00f3n de anudar, cord\u00f3n ajustable en la cintura y bolsillos, se ajusta a la cintura, con un corte recto de cintura a bajo, estan hechos en 70% algod\u00f3n, 30% lino.<\/p>\n","protected":false},"excerpt":{"rendered":"<p>Tienda BKOOL presenta Tommy Hilfiger Linen-Blend Pull-On Pantalones confeccionados en un tejido ligero y transpirable de algod\u00f3n y lino, nuestros pantalones son ideales para los meses m\u00e1s c\u00e1lidos del a\u00f1o, con un corte recto de cintura a bajo, estos pantalones son excepcionalmente favorecedores y c\u00f3modos, como detalles presentan cintur\u00f3n de anudar, cord\u00f3n ajustable en la cintura y bolsillos, se ajusta a la cintura, con un corte recto de cintura a bajo, estan hechos en 70% algod\u00f3n, 30% lino.<\/p>\n","protected":false},"featured_media":13315,"comment_status":"open","ping_status":"closed","template":"","meta":[],"product_cat":[197,225,236],"product_tag":[],"class_list":{"0":"post-13226","1":"product","2":"type-product","3":"status-publish","4":"has-post-thumbnail","6":"product_cat-mujer-2","7":"product_cat-pantalones","8":"product_cat-tela","10":"first","11":"outofstock","12":"taxable","13":"shipping-taxable","14":"purchasable","15":"product-type-variable","16":"has-default-attributes"},"jetpack_sharing_enabled":true,"_links":{"self":[{"href":"https:\/\/tiendabkool.com\/index.php?rest_route=\/wp\/v2\/product\/13226","targetHints":{"allow":["GET"]}}],"collection":[{"href":"https:\/\/tiendabkool.com\/index.php?rest_route=\/wp\/v2\/product"}],"about":[{"href":"https:\/\/tiendabkool.com\/index.php?rest_route=\/wp\/v2\/types\/product"}],"replies":[{"embeddable":true,"href":"https:\/\/tiendabkool.com\/index.php?rest_route=%2Fwp%2Fv2%2Fcomments&post=13226"}],"wp:featuredmedia":[{"embeddable":true,"href":"https:\/\/tiendabkool.com\/index.php?rest_route=\/wp\/v2\/media\/13315"}],"wp:attachment":[{"href":"https:\/\/tiendabkool.com\/index.php?rest_route=%2Fwp%2Fv2%2Fmedia&parent=13226"}],"wp:term":[{"taxonomy":"product_cat","embeddable":true,"href":"https:\/\/tiendabkool.com\/index.php?rest_route=%2Fwp%2Fv2%2Fproduct_cat&post=13226"},{"taxonomy":"product_tag","embeddable":true,"href":"https:\/\/tiendabkool.com\/index.php?rest_route=%2Fwp%2Fv2%2Fproduct_tag&post=13226"}],"curies":[{"name":"wp","href":"https:\/\/api.w.org\/{rel}","templated":true}]}}