{"id":13002,"date":"2025-08-27T23:22:07","date_gmt":"2025-08-27T23:22:07","guid":{"rendered":"https:\/\/tiendabkool.com\/?post_type=product&#038;p=13002"},"modified":"2025-12-11T22:09:34","modified_gmt":"2025-12-11T22:09:34","slug":"moschino-couture-milano-venta-final-no-devolucion","status":"publish","type":"product","link":"https:\/\/tiendabkool.com\/?product=moschino-couture-milano-venta-final-no-devolucion","title":{"rendered":"Moschino Couture Milano &#8211; venta final no devolucion."},"content":{"rendered":"<p>Tienda BKOOL presenta Moschino Couture Milano Polo de piqu\u00e9 de algod\u00f3n en color blanco y logotipo estampado en negro con aberturas laterales, bajo asim\u00e9trico con detalles acanalados de tres botones en el cuello, este polo cl\u00e1sico luce un logo caracter\u00edstico en el pecho de cuello italiano, esta hecha en 100% algod\u00f3n org\u00e1nico.\u00a0<\/p>\n","protected":false},"excerpt":{"rendered":"<p>Tienda BKOOL presenta Moschino Couture Milano Polo de piqu\u00e9 de algod\u00f3n en color blanco y logotipo estampado en negro con aberturas laterales, bajo asim\u00e9trico con detalles acanalados de tres botones en el cuello, este polo cl\u00e1sico luce un logo caracter\u00edstico en el pecho de cuello italiano, esta hecha en 100% algod\u00f3n org\u00e1nico.\u00a0<\/p>\n","protected":false},"featured_media":13070,"comment_status":"open","ping_status":"closed","template":"","meta":[],"product_cat":[201,200,208],"product_tag":[],"class_list":{"0":"post-13002","1":"product","2":"type-product","3":"status-publish","4":"has-post-thumbnail","6":"product_cat-camisas_hombre","7":"product_cat-hombre","8":"product_cat-_hombre-camisas_hombre","10":"first","11":"instock","12":"taxable","13":"shipping-taxable","14":"purchasable","15":"product-type-variable","16":"has-default-attributes"},"jetpack_sharing_enabled":true,"_links":{"self":[{"href":"https:\/\/tiendabkool.com\/index.php?rest_route=\/wp\/v2\/product\/13002","targetHints":{"allow":["GET"]}}],"collection":[{"href":"https:\/\/tiendabkool.com\/index.php?rest_route=\/wp\/v2\/product"}],"about":[{"href":"https:\/\/tiendabkool.com\/index.php?rest_route=\/wp\/v2\/types\/product"}],"replies":[{"embeddable":true,"href":"https:\/\/tiendabkool.com\/index.php?rest_route=%2Fwp%2Fv2%2Fcomments&post=13002"}],"wp:featuredmedia":[{"embeddable":true,"href":"https:\/\/tiendabkool.com\/index.php?rest_route=\/wp\/v2\/media\/13070"}],"wp:attachment":[{"href":"https:\/\/tiendabkool.com\/index.php?rest_route=%2Fwp%2Fv2%2Fmedia&parent=13002"}],"wp:term":[{"taxonomy":"product_cat","embeddable":true,"href":"https:\/\/tiendabkool.com\/index.php?rest_route=%2Fwp%2Fv2%2Fproduct_cat&post=13002"},{"taxonomy":"product_tag","embeddable":true,"href":"https:\/\/tiendabkool.com\/index.php?rest_route=%2Fwp%2Fv2%2Fproduct_tag&post=13002"}],"curies":[{"name":"wp","href":"https:\/\/api.w.org\/{rel}","templated":true}]}}