{"id":10085,"date":"2025-05-17T21:03:44","date_gmt":"2025-05-17T21:03:44","guid":{"rendered":"https:\/\/tiendabkool.com\/?post_type=product&#038;p=10085"},"modified":"2025-12-26T23:39:39","modified_gmt":"2025-12-26T23:39:39","slug":"vineyard-vines-nautical-flags-navy-venta-final-no-devolucion","status":"publish","type":"product","link":"https:\/\/tiendabkool.com\/?product=vineyard-vines-nautical-flags-navy-venta-final-no-devolucion","title":{"rendered":"Vineyard Vines Nautical Flags Navy &#8211; venta final no devolucion."},"content":{"rendered":"<p>Tienda BKOOL presenta Vineyard Vines Nautical Flags Navy, nuestra\u00a0polo Performance supersuave combina estilo y rendimiento en un tejido ligero y de secado r\u00e1pido, dise\u00f1ado para la comodidad. Con elasticidad incorporada, protecci\u00f3n UPF 50 y propiedades que absorben la humedad, este polo te mantiene fresco y seco todo el d\u00eda, con un corte cl\u00e1sico y luce el caracter\u00edstico logotipo de ballena en el pecho, ideal tanto para d\u00edas activos como para fines de semana relajados.<br \/>\u00b7 Tejido ligero y de alto rendimiento \u00b7 Corte cl\u00e1sico y holgado \u00b7 Elasticidad incorporada \u00b7 Protecci\u00f3n UPF 50 \u00b7 Secado r\u00e1pido y absorci\u00f3n de la humedad \u00b7 Resistente a las arrugas \u00b7 Logotipo de ballena bordado en el pecho \u00b7 Tapeta de 2 botones.<\/p>\n","protected":false},"excerpt":{"rendered":"<p>Tienda BKOOL presenta Vineyard Vines Nautical Flags Navy, nuestra\u00a0polo Performance supersuave combina estilo y rendimiento en un tejido ligero y de secado r\u00e1pido, dise\u00f1ado para la comodidad. Con elasticidad incorporada, protecci\u00f3n UPF 50 y propiedades que absorben la humedad, este polo te mantiene fresco y seco todo el d\u00eda, con un corte cl\u00e1sico y luce el caracter\u00edstico logotipo de ballena en el pecho, ideal tanto para d\u00edas activos como para fines de semana relajados.<br \/>\u00b7 Tejido ligero y de alto rendimiento \u00b7 Corte cl\u00e1sico y holgado \u00b7 Elasticidad incorporada \u00b7 Protecci\u00f3n UPF 50 \u00b7 Secado r\u00e1pido y absorci\u00f3n de la humedad \u00b7 Resistente a las arrugas \u00b7 Logotipo de ballena bordado en el pecho \u00b7 Tapeta de 2 botones.<\/p>\n","protected":false},"featured_media":10166,"comment_status":"open","ping_status":"closed","template":"","meta":[],"product_cat":[246,251,198],"product_tag":[],"class_list":{"0":"post-10085","1":"product","2":"type-product","3":"status-publish","4":"has-post-thumbnail","6":"product_cat-camisas-nino","7":"product_cat-manga-corta-camisas-nino","8":"product_cat-nino","10":"first","11":"outofstock","12":"taxable","13":"shipping-taxable","14":"purchasable","15":"product-type-variable","16":"has-default-attributes"},"jetpack_sharing_enabled":true,"_links":{"self":[{"href":"https:\/\/tiendabkool.com\/index.php?rest_route=\/wp\/v2\/product\/10085","targetHints":{"allow":["GET"]}}],"collection":[{"href":"https:\/\/tiendabkool.com\/index.php?rest_route=\/wp\/v2\/product"}],"about":[{"href":"https:\/\/tiendabkool.com\/index.php?rest_route=\/wp\/v2\/types\/product"}],"replies":[{"embeddable":true,"href":"https:\/\/tiendabkool.com\/index.php?rest_route=%2Fwp%2Fv2%2Fcomments&post=10085"}],"wp:featuredmedia":[{"embeddable":true,"href":"https:\/\/tiendabkool.com\/index.php?rest_route=\/wp\/v2\/media\/10166"}],"wp:attachment":[{"href":"https:\/\/tiendabkool.com\/index.php?rest_route=%2Fwp%2Fv2%2Fmedia&parent=10085"}],"wp:term":[{"taxonomy":"product_cat","embeddable":true,"href":"https:\/\/tiendabkool.com\/index.php?rest_route=%2Fwp%2Fv2%2Fproduct_cat&post=10085"},{"taxonomy":"product_tag","embeddable":true,"href":"https:\/\/tiendabkool.com\/index.php?rest_route=%2Fwp%2Fv2%2Fproduct_tag&post=10085"}],"curies":[{"name":"wp","href":"https:\/\/api.w.org\/{rel}","templated":true}]}}